{"id":108,"date":"2025-12-13T20:55:41","date_gmt":"2025-12-13T17:55:41","guid":{"rendered":"http:\/\/localhost:10016\/?page_id=108"},"modified":"2026-03-29T20:54:29","modified_gmt":"2026-03-29T20:54:29","slug":"franchising","status":"publish","type":"page","link":"https:\/\/test.cariboucoffee.com.tr\/?page_id=108","title":{"rendered":"FRANCHISING DE\u011eERLEND\u0130RME FORMU"},"content":{"rendered":"\n<h2 class=\"wp-block-heading\">Nitelikler<\/h2>\n\n\n\n<p>Caribou Coffee T\u00fcrkiye ailesinin bir par\u00e7as\u0131 olmak istiyorsan\u0131z ve a\u015fa\u011f\u0131daki niteliklere sahipseniz m\u00fckemmel bir aday olabilirsiniz:<\/p>\n\n\n\n<ul class=\"wp-block-list\">\n<li>Daha \u00f6nce sekt\u00f6rde tecr\u00fcbeniz ve franchise almak istedi\u011finiz alanda perakende gayrimenkul geli\u015ftirme deneyiminiz varsa.<\/li>\n\n\n\n<li>Caribou Coffee Ma\u011fazas\u0131 a\u00e7mak istedi\u011finiz b\u00f6lgenin dinamiklerine ve potansiyeline hakimseniz.<\/li>\n\n\n\n<li>Caribou Coffee markas\u0131n\u0131 geli\u015ftirebilecek gerekli finansal kaynaklara sahipseniz. Genellikle yat\u0131r\u0131m maliyeti ma\u011faza b\u00fcy\u00fckl\u00fc\u011f\u00fcne g\u00f6re net 300.000$- 400.000$ aras\u0131ndad\u0131r (bireysel veya ortakl\u0131).<\/li>\n\n\n\n<li>Bu ko\u015fullar\u0131 sa\u011flad\u0131\u011f\u0131n\u0131z\u0131 d\u00fc\u015f\u00fcn\u00fcyorsan\u0131z a\u015fa\u011f\u0131daki formu daha detayl\u0131 doldurman\u0131z\u0131 rica ederiz.<\/li>\n<\/ul>\n\n\n<div class='fluentform ff-default fluentform_wrapper_3 ffs_default_wrap'><form data-form_id=\"3\" id=\"fluentform_3\" class=\"frm-fluent-form fluent_form_3 ff-el-form-top ff_form_instance_3_1 ff-form-loading ffs_default\" data-form_instance=\"ff_form_instance_3_1\" method=\"POST\" ><fieldset  style=\"border: none!important;margin: 0!important;padding: 0!important;background-color: transparent!important;box-shadow: none!important;outline: none!important; min-inline-size: 100%;\">\n                    <legend class=\"ff_screen_reader_title\" style=\"display: block; margin: 0!important;padding: 0!important;height: 0!important;text-indent: -999999px;width: 0!important;overflow:hidden;\">Franchising Ba\u015fvuru<\/legend><input type='hidden' name='__fluent_form_embded_post_id' value='108' \/><input type=\"hidden\" id=\"_fluentform_3_fluentformnonce\" name=\"_fluentform_3_fluentformnonce\" value=\"ddd609144f\" \/><input type=\"hidden\" name=\"_wp_http_referer\" value=\"\/index.php?rest_route=%2Fwp%2Fv2%2Fpages%2F108\" \/><div class='ff-el-group  ff-custom_html' tabindex='-1' data-name=\"custom_html-3_1\" ><p class=\"wp-block-heading\"><strong>D\u00fcnyan\u0131n en iyi kahvesini yerel pazar\u0131n\u0131za getirmek istiyorsan\u0131z a\u015fa\u011f\u0131daki hususlara \u00f6zenle cevap veriniz:<\/strong><\/p><\/div><div data-type=\"name-element\" data-name=\"names\" class=\" ff-field_container ff-name-field-wrapper\" ><div class='ff-t-container'><div class='ff-t-cell '><div class='ff-el-group ff-el-form-top'><div class=\"ff-el-input--label ff-el-is-required asterisk-right\"><label for='ff_3_names_first_name_' id='label_ff_3_names_first_name_' >Ad\u0131n\u0131z<\/label><\/div><div class='ff-el-input--content'><input type=\"text\" name=\"names[first_name]\" id=\"ff_3_names_first_name_\" class=\"ff-el-form-control\" aria-invalid=\"false\" aria-required=true><\/div><\/div><\/div><div class='ff-t-cell '><div class='ff-el-group ff-el-form-top'><div class=\"ff-el-input--label ff-el-is-required asterisk-right\"><label for='ff_3_names_last_name_' id='label_ff_3_names_last_name_' >Soyad\u0131n\u0131z<\/label><\/div><div class='ff-el-input--content'><input type=\"text\" name=\"names[last_name]\" id=\"ff_3_names_last_name_\" class=\"ff-el-form-control\" aria-invalid=\"false\" aria-required=true><\/div><\/div><\/div><\/div><\/div><div class='ff-el-group'><div class=\"ff-el-input--label ff-el-is-required asterisk-right\"><label for='ff_3_email' id='label_ff_3_email' aria-label=\"E-Posta\">E-Posta<\/label><\/div><div class='ff-el-input--content'><input type=\"email\" name=\"email\" id=\"ff_3_email\" class=\"ff-el-form-control\" data-name=\"email\"  aria-invalid=\"false\" aria-required=true><\/div><\/div><div class='ff-el-group'><div class=\"ff-el-input--label ff-el-is-required asterisk-right\"><label for='ff_3_numeric_field' id='label_ff_3_numeric_field' aria-label=\"Telefon\">Telefon<\/label><\/div><div class='ff-el-input--content'><input type=\"number\" name=\"numeric_field\" id=\"ff_3_numeric_field\" class=\"ff-el-form-control\" data-name=\"numeric_field\" inputmode=\"numeric\" step=\"any\"  aria-invalid=\"false\" aria-required=true><\/div><\/div><div class='ff-el-group'><div class=\"ff-el-input--label asterisk-right\"><label for='ff_3_input_text' id='label_ff_3_input_text' aria-label=\"Do\u011fum Yeri\">Do\u011fum Yeri<\/label><\/div><div class='ff-el-input--content'><input type=\"text\" name=\"input_text\" class=\"ff-el-form-control\" data-name=\"input_text\" id=\"ff_3_input_text\"  aria-invalid=\"false\" aria-required=false><\/div><\/div><div class='ff-el-group'><div class=\"ff-el-input--label asterisk-right\"><label for='ff_3_datetime' id='label_ff_3_datetime' aria-label=\"Do\u011fum Tarihi\">Do\u011fum Tarihi<\/label><\/div><div class='ff-el-input--content'><input  aria-label='Do\u011fum Tarihi Use arrow keys to navigate dates. Press enter to select a date.'  aria-haspopup='dialog' data-type-datepicker data-format='d\/m\/Y' type=\"text\" name=\"datetime\" id=\"ff_3_datetime\" class=\"ff-el-form-control ff-el-datepicker\" data-name=\"datetime\"  aria-invalid='false' aria-required=false><\/div><\/div><div class='ff-el-group'><div class=\"ff-el-input--label asterisk-right\"><label   aria-label=\"Medeni Hali\">Medeni Hali<\/label><\/div><div class='ff-el-input--content'><div class='ff-el-form-check ff-el-form-check-'><label class='ff-el-form-check-label' for='checkbox_c5c577cb4b23f1f3b15c559fdab02393'><input  type=\"checkbox\" name=\"checkbox[]\" data-name=\"checkbox\" class=\"ff-el-form-check-input ff-el-form-check-checkbox\" value=\"Evli\"  id='checkbox_c5c577cb4b23f1f3b15c559fdab02393' aria-label='Evli' aria-invalid='false' aria-required=false> <span>Evli<\/span><\/label><\/div><div class='ff-el-form-check ff-el-form-check-'><label class='ff-el-form-check-label' for='checkbox_62d09f865c3889ac08c8f428ba7344ed'><input  type=\"checkbox\" name=\"checkbox[]\" data-name=\"checkbox\" class=\"ff-el-form-check-input ff-el-form-check-checkbox\" value=\"Bekar\"  id='checkbox_62d09f865c3889ac08c8f428ba7344ed' aria-label='Bekar' aria-invalid='false' aria-required=false> <span>Bekar<\/span><\/label><\/div><\/div><\/div><div class='ff-el-group'><div class=\"ff-el-input--label asterisk-right\"><label for='ff_3_dropdown' id='label_ff_3_dropdown' aria-label=\"E\u011fitim Durumu\">E\u011fitim Durumu<\/label><\/div><div class='ff-el-input--content'><select name=\"dropdown\" id=\"ff_3_dropdown\" class=\"ff-el-form-control\" data-name=\"dropdown\" data-calc_value=\"0\"  aria-invalid=\"false\" aria-required=\"false\" aria-labelledby=\"label_ff_3_dropdown\"><option value=\"\">- Se\u00e7iniz -<\/option><option value=\"\u0130lkokul\"  >\u0130lkokul<\/option><option value=\"Lise\"  >Lise<\/option><option value=\"\u00dcniversite\"  >\u00dcniversite<\/option><option value=\"Y\u00fcksek Lisans\"  >Y\u00fcksek Lisans<\/option><option value=\"Doktora\"  >Doktora<\/option><\/select><\/div><\/div><div class='ff-el-group'><div class=\"ff-el-input--label asterisk-right\"><label for='ff_3_description_1' id='label_ff_3_description_1' aria-label=\"Yabanc\u0131 Diller\">Yabanc\u0131 Diller<\/label><\/div><div class='ff-el-input--content'><textarea aria-required=\"false\" aria-labelledby=\"label_ff_3_description_1\" name=\"description_1\" id=\"ff_3_description_1\" class=\"ff-el-form-control\" rows=\"2\" cols=\"1\" data-name=\"description_1\" ><\/textarea><\/div><\/div><div class='ff-el-group'><div class=\"ff-el-input--label asterisk-right\"><label for='ff_3_description_2' id='label_ff_3_description_2' aria-label=\"Adres\">Adres<\/label><\/div><div class='ff-el-input--content'><textarea aria-required=\"false\" aria-labelledby=\"label_ff_3_description_2\" name=\"description_2\" id=\"ff_3_description_2\" class=\"ff-el-form-control\" rows=\"3\" cols=\"1\" data-name=\"description_2\" ><\/textarea><\/div><\/div><div class='ff-el-group'><div class=\"ff-el-input--label asterisk-right\"><label for='ff_3_description_3' id='label_ff_3_description_3' aria-label=\"1. Halen yapt\u0131\u011f\u0131n\u0131z i\u015finizin faaliyet konusunu, \u015firketinizin ad\u0131n\u0131 ve \u00fcnvan\u0131n\u0131 payla\u015f\u0131n\u0131z\">1. Halen yapt\u0131\u011f\u0131n\u0131z i\u015finizin faaliyet konusunu, \u015firketinizin ad\u0131n\u0131 ve \u00fcnvan\u0131n\u0131 payla\u015f\u0131n\u0131z<\/label><\/div><div class='ff-el-input--content'><textarea aria-required=\"false\" aria-labelledby=\"label_ff_3_description_3\" name=\"description_3\" id=\"ff_3_description_3\" class=\"ff-el-form-control\" rows=\"4\" cols=\"1\" data-name=\"description_3\" ><\/textarea><\/div><\/div><div class='ff-el-group'><div class=\"ff-el-input--label asterisk-right\"><label for='ff_3_description_4' id='label_ff_3_description_4' aria-label=\"2. \u015eirketin Kurulu\u015f Y\u0131l\u0131 ve varsa Ortaklar\u0131 hakk\u0131nda bilgi veriniz\">2. \u015eirketin Kurulu\u015f Y\u0131l\u0131 ve varsa Ortaklar\u0131 hakk\u0131nda bilgi veriniz<\/label><\/div><div class='ff-el-input--content'><textarea aria-required=\"false\" aria-labelledby=\"label_ff_3_description_4\" name=\"description_4\" id=\"ff_3_description_4\" class=\"ff-el-form-control\" rows=\"3\" cols=\"1\" data-name=\"description_4\" ><\/textarea><\/div><\/div><div class='ff-el-group'><div class=\"ff-el-input--label asterisk-right\"><label for='ff_3_description_5' id='label_ff_3_description_5' aria-label=\"3. Caribou Coffee franchise adaylar\u0131n\u0131n restoran ve perakende sekt\u00f6rlerinde deneyime sahip olmas\u0131n\u0131 istiyor. Sizin veya orta\u011f\u0131n\u0131z\u0131n sekt\u00f6rdeki deneyimlerini ayr\u0131nt\u0131lar\u0131 ile payla\u015f\u0131n\u0131z. (M\u00fclkiyet veya kiralama yolu ile ka\u00e7 adet i\u015fletme geli\u015ftirdiniz vb.)\">3. Caribou Coffee franchise adaylar\u0131n\u0131n restoran ve perakende sekt\u00f6rlerinde deneyime sahip olmas\u0131n\u0131 istiyor. Sizin veya orta\u011f\u0131n\u0131z\u0131n sekt\u00f6rdeki deneyimlerini ayr\u0131nt\u0131lar\u0131 ile payla\u015f\u0131n\u0131z. (M\u00fclkiyet veya kiralama yolu ile ka\u00e7 adet i\u015fletme geli\u015ftirdiniz vb.)<\/label><\/div><div class='ff-el-input--content'><textarea aria-required=\"false\" aria-labelledby=\"label_ff_3_description_5\" name=\"description_5\" id=\"ff_3_description_5\" class=\"ff-el-form-control\" rows=\"3\" cols=\"1\" data-name=\"description_5\" ><\/textarea><\/div><\/div><div class='ff-el-group'><div class=\"ff-el-input--label asterisk-right\"><label for='ff_3_description_6' id='label_ff_3_description_6' aria-label=\"4. Franchise D\u00fc\u015f\u00fcnd\u00fc\u011f\u00fcn\u00fcz \u0130l, \u0130l\u00e7e ve lokasyon bilgisi (Avm, Cadde \u00dczeri) payla\u015f\u0131n\u0131z.\"> 4. Franchise D\u00fc\u015f\u00fcnd\u00fc\u011f\u00fcn\u00fcz \u0130l, \u0130l\u00e7e ve lokasyon bilgisi (Avm, Cadde \u00dczeri) payla\u015f\u0131n\u0131z.<\/label><\/div><div class='ff-el-input--content'><textarea aria-required=\"false\" aria-labelledby=\"label_ff_3_description_6\" name=\"description_6\" id=\"ff_3_description_6\" class=\"ff-el-form-control\" rows=\"3\" cols=\"1\" data-name=\"description_6\" ><\/textarea><\/div><\/div><div class='ff-el-group'><div class=\"ff-el-input--label asterisk-right\"><label for='ff_3_description_7' id='label_ff_3_description_7' aria-label=\"5. Yer kiral\u0131k m\u0131, size mi ait? Kiral\u0131ksa kira bedeli nedir?\">5. Yer kiral\u0131k m\u0131, size mi ait? Kiral\u0131ksa kira bedeli nedir?<\/label><\/div><div class='ff-el-input--content'><textarea aria-required=\"false\" aria-labelledby=\"label_ff_3_description_7\" name=\"description_7\" id=\"ff_3_description_7\" class=\"ff-el-form-control\" rows=\"3\" cols=\"2\" data-name=\"description_7\" ><\/textarea><\/div><\/div><div class='ff-el-group'><div class=\"ff-el-input--label asterisk-right\"><label for='ff_3_description_8' id='label_ff_3_description_8' aria-label=\"6. D\u00fckk\u00e2na ait m2 bilgileri payla\u015f\u0131n\u0131z?\">6. D\u00fckk\u00e2na ait m2 bilgileri payla\u015f\u0131n\u0131z?<\/label><\/div><div class='ff-el-input--content'><textarea aria-required=\"false\" aria-labelledby=\"label_ff_3_description_8\" name=\"description_8\" id=\"ff_3_description_8\" class=\"ff-el-form-control\" rows=\"1\" cols=\"1\" data-name=\"description_8\" ><\/textarea><\/div><\/div><div class='ff-el-group'><div class=\"ff-el-input--label asterisk-right\"><label for='ff_3_description_9' id='label_ff_3_description_9' aria-label=\"7. B\u00f6lgedeki di\u011fer \u00f6nemli i\u015f merkezleri, okullar vb belirtiniz.\">7. B\u00f6lgedeki di\u011fer \u00f6nemli i\u015f merkezleri, okullar vb belirtiniz.<\/label><\/div><div class='ff-el-input--content'><textarea aria-required=\"false\" aria-labelledby=\"label_ff_3_description_9\" name=\"description_9\" id=\"ff_3_description_9\" class=\"ff-el-form-control\" rows=\"3\" cols=\"1\" data-name=\"description_9\" ><\/textarea><\/div><\/div><div class='ff-el-group'><div class=\"ff-el-input--label asterisk-right\"><label   aria-label=\"8. Ba\u015fka bir markaya ait franchise i\u015fletmeniz var m\u0131?\">8. Ba\u015fka bir markaya ait franchise i\u015fletmeniz var m\u0131?<\/label><\/div><div class='ff-el-input--content'><div class='ff-el-form-check ff-el-form-check-'><label class='ff-el-form-check-label' for='input_radio_57b8ccc5b6e8d9cdb73886ffd97f7775'><input  type=\"radio\" name=\"input_radio\" data-name=\"input_radio\" class=\"ff-el-form-check-input ff-el-form-check-radio\" value=\"Evet\"  id='input_radio_57b8ccc5b6e8d9cdb73886ffd97f7775' aria-label='Evet' aria-invalid='false' aria-required=false> <span>Evet<\/span><\/label><\/div><div class='ff-el-form-check ff-el-form-check-'><label class='ff-el-form-check-label' for='input_radio_7f6135455dc1be84aa7ee64f0df97d97'><input  type=\"radio\" name=\"input_radio\" data-name=\"input_radio\" class=\"ff-el-form-check-input ff-el-form-check-radio\" value=\"Hay\u0131r\"  id='input_radio_7f6135455dc1be84aa7ee64f0df97d97' aria-label='Hay\u0131r' aria-invalid='false' aria-required=false> <span>Hay\u0131r<\/span><\/label><\/div><\/div><\/div><div class='ff-el-group'><div class=\"ff-el-input--label asterisk-right\"><label for='ff_3_numeric_field_1' id='label_ff_3_numeric_field_1' aria-label=\"9. Yat\u0131r\u0131m i\u00e7in ay\u0131rd\u0131\u011f\u0131n\u0131z b\u00fct\u00e7e nedir ($)?\">9. Yat\u0131r\u0131m i\u00e7in ay\u0131rd\u0131\u011f\u0131n\u0131z b\u00fct\u00e7e nedir ($)?<\/label><\/div><div class='ff-el-input--content'><input type=\"number\" name=\"numeric_field_1\" id=\"ff_3_numeric_field_1\" class=\"ff-el-form-control\" data-name=\"numeric_field_1\" inputmode=\"numeric\" step=\"any\"  aria-invalid=\"false\" aria-required=false><\/div><\/div><div class='ff-el-group'><div class=\"ff-el-input--label asterisk-right\"><label for='ff_3_numeric_field_2' id='label_ff_3_numeric_field_2' aria-label=\"10. Yat\u0131r\u0131m sonucu y\u0131ll\u0131k gelir beklentiniz nedir?\">10. Yat\u0131r\u0131m sonucu y\u0131ll\u0131k gelir beklentiniz nedir?<\/label><\/div><div class='ff-el-input--content'><input type=\"number\" name=\"numeric_field_2\" id=\"ff_3_numeric_field_2\" class=\"ff-el-form-control\" data-name=\"numeric_field_2\" inputmode=\"numeric\" step=\"any\"  aria-invalid=\"false\" aria-required=false><\/div><\/div><div class='ff-el-group'><div class=\"ff-el-input--label asterisk-right\"><label for='ff_3_numeric_field_3' id='label_ff_3_numeric_field_3' aria-label=\"11. Ayl\u0131k tahmini ciro beklentiniz nedir?\">11. Ayl\u0131k tahmini ciro beklentiniz nedir?<\/label><\/div><div class='ff-el-input--content'><input type=\"number\" name=\"numeric_field_3\" id=\"ff_3_numeric_field_3\" class=\"ff-el-form-control\" data-name=\"numeric_field_3\" inputmode=\"numeric\" step=\"any\"  aria-invalid=\"false\" aria-required=false><\/div><\/div><div class='ff-el-group'><div class=\"ff-el-input--label asterisk-right\"><label for='ff_3_description_10' id='label_ff_3_description_10' aria-label=\"12. Franchise i\u015fletmecili\u011fi alan\u0131nda operasyonu y\u00f6netebilecek bilgi ve tecr\u00fcbeye sahip misiniz veya sizin ad\u0131n\u0131za franchise i\u015fletmesini ba\u015fka birisi mi y\u00f6netecek?\">12. Franchise i\u015fletmecili\u011fi alan\u0131nda operasyonu y\u00f6netebilecek bilgi ve tecr\u00fcbeye sahip misiniz veya sizin ad\u0131n\u0131za franchise i\u015fletmesini ba\u015fka birisi mi y\u00f6netecek?<\/label><\/div><div class='ff-el-input--content'><textarea aria-required=\"false\" aria-labelledby=\"label_ff_3_description_10\" name=\"description_10\" id=\"ff_3_description_10\" class=\"ff-el-form-control\" rows=\"3\" cols=\"1\" data-name=\"description_10\" ><\/textarea><\/div><\/div><div class='ff-el-group'><div class=\"ff-el-input--label ff-el-is-required asterisk-right\"><label   aria-label=\"Ayd\u0131nlatma Metni | Gizlilik ve \u00c7erez Politikas\u0131\"><a href=\"\/?page_id=118\" target=\"_blank\">Ayd\u0131nlatma Metni<\/a> | <a href=\"\/?page_id=563\" target=\"_blank\">Gizlilik ve \u00c7erez Politikas\u0131<\/a><\/label><\/div><div class='ff-el-input--content'><div class='ff-el-form-check ff-el-form-check-'><label class='ff-el-form-check-label' for='checkbox_1_480f5d89be845ac700ac7066de33532f'><input  type=\"checkbox\" name=\"checkbox_1[]\" data-name=\"checkbox_1\" class=\"ff-el-form-check-input ff-el-form-check-checkbox\" value=\"Ki\u015fisel verilerimin i\u015flenmesine ili\u015fkin Ayd\u0131nlatma Metni&#039;ni okudum ve kabul ediyorum.\"  id='checkbox_1_480f5d89be845ac700ac7066de33532f' aria-label='Ki\u015fisel verilerimin i\u015flenmesine ili\u015fkin Ayd\u0131nlatma Metni&#039;ni okudum ve kabul ediyorum.' aria-invalid='false' aria-required=true> <span>Ki\u015fisel verilerimin i\u015flenmesine ili\u015fkin Ayd\u0131nlatma Metni'ni okudum ve kabul ediyorum.<\/span><\/label><\/div><\/div><\/div><div class='ff-el-group ff-text-left ff_submit_btn_wrapper'><button type=\"submit\" class=\"ff-btn ff-btn-submit ff-btn-md ff_btn_style\"  aria-label=\"G\u00f6nder\">G\u00f6nder<\/button><\/div><\/fieldset><\/form><div id='fluentform_3_errors' class='ff-errors-in-stack ff_form_instance_3_1 ff-form-loading_errors ff_form_instance_3_1_errors'><\/div><\/div>            <script type=\"text\/javascript\">\n                window.fluent_form_ff_form_instance_3_1 = {\"id\":\"3\",\"settings\":{\"layout\":{\"labelPlacement\":\"top\",\"asteriskPlacement\":\"asterisk-right\",\"helpMessagePlacement\":\"with_label\",\"errorMessagePlacement\":\"inline\",\"cssClassName\":\"\"},\"restrictions\":{\"denyEmptySubmission\":{\"enabled\":false}}},\"form_instance\":\"ff_form_instance_3_1\",\"form_id_selector\":\"fluentform_3\",\"rules\":{\"names[first_name]\":{\"required\":{\"value\":true,\"message\":\"This field is required\",\"global_message\":\"This field is required\",\"global\":true}},\"names[middle_name]\":{\"required\":{\"value\":false,\"message\":\"This field is required\",\"global_message\":\"This field is required\",\"global\":true}},\"names[last_name]\":{\"required\":{\"value\":true,\"message\":\"This field is required\",\"global_message\":\"This field is required\",\"global\":true}},\"email\":{\"required\":{\"value\":true,\"message\":\"This field is required\",\"global_message\":\"This field is required\",\"global\":true},\"email\":{\"value\":true,\"message\":\"This field must contain a valid email\",\"global_message\":\"This field must contain a valid email\",\"global\":true}},\"numeric_field\":{\"required\":{\"value\":true,\"message\":\"This field is required\",\"global_message\":\"This field is required\",\"global\":true},\"numeric\":{\"value\":true,\"message\":\"This field must contain numeric value\",\"global_message\":\"This field must contain numeric value\",\"global\":true},\"min\":{\"value\":\"\",\"message\":\"Validation fails for minimum value\",\"global_message\":\"Validation fails for minimum value\",\"global\":true},\"max\":{\"value\":\"\",\"message\":\"Validation fails for maximum value\",\"global_message\":\"Validation fails for maximum value\",\"global\":true},\"digits\":{\"value\":\"\",\"message\":\"Validation fails for limited digits\",\"global_message\":\"Validation fails for limited digits\",\"global\":true}},\"input_text\":{\"required\":{\"value\":false,\"message\":\"This field is required\",\"global_message\":\"This field is required\",\"global\":true}},\"datetime\":{\"required\":{\"value\":false,\"message\":\"This field is required\",\"global_message\":\"This field is required\",\"global\":true}},\"checkbox\":{\"required\":{\"value\":false,\"message\":\"This field is required\",\"global_message\":\"This field is required\",\"global\":true}},\"dropdown\":{\"required\":{\"value\":false,\"message\":\"This field is required\",\"global_message\":\"This field is required\",\"global\":true}},\"description_1\":{\"required\":{\"value\":false,\"message\":\"This field is required\",\"global_message\":\"This field is required\",\"global\":true}},\"description_2\":{\"required\":{\"value\":false,\"message\":\"This field is required\",\"global_message\":\"This field is required\",\"global\":true}},\"description_3\":{\"required\":{\"value\":false,\"message\":\"This field is required\",\"global_message\":\"This field is required\",\"global\":true}},\"description_4\":{\"required\":{\"value\":false,\"message\":\"This field is required\",\"global_message\":\"This field is required\",\"global\":true}},\"description_5\":{\"required\":{\"value\":false,\"message\":\"This field is required\",\"global_message\":\"This field is required\",\"global\":true}},\"description_6\":{\"required\":{\"value\":false,\"message\":\"This field is required\",\"global_message\":\"This field is required\",\"global\":true}},\"description_7\":{\"required\":{\"value\":false,\"message\":\"This field is required\",\"global_message\":\"This field is required\",\"global\":true}},\"description_8\":{\"required\":{\"value\":false,\"message\":\"This field is required\",\"global_message\":\"This field is required\",\"global\":true}},\"description_9\":{\"required\":{\"value\":false,\"message\":\"This field is required\",\"global_message\":\"This field is required\",\"global\":true}},\"input_radio\":{\"required\":{\"value\":false,\"message\":\"This field is required\",\"global_message\":\"This field is required\",\"global\":true}},\"numeric_field_1\":{\"required\":{\"value\":false,\"message\":\"This field is required\",\"global_message\":\"This field is required\",\"global\":true},\"numeric\":{\"value\":true,\"message\":\"This field must contain numeric value\",\"global_message\":\"This field must contain numeric value\",\"global\":true},\"min\":{\"value\":\"\",\"message\":\"Validation fails for minimum value\",\"global_message\":\"Validation fails for minimum value\",\"global\":true},\"max\":{\"value\":\"\",\"message\":\"Validation fails for maximum value\",\"global_message\":\"Validation fails for maximum value\",\"global\":true},\"digits\":{\"value\":\"\",\"message\":\"Validation fails for limited digits\",\"global_message\":\"Validation fails for limited digits\",\"global\":true}},\"numeric_field_2\":{\"required\":{\"value\":false,\"message\":\"This field is required\",\"global_message\":\"This field is required\",\"global\":true},\"numeric\":{\"value\":true,\"message\":\"This field must contain numeric value\",\"global_message\":\"This field must contain numeric value\",\"global\":true},\"min\":{\"value\":\"\",\"message\":\"Validation fails for minimum value\",\"global_message\":\"Validation fails for minimum value\",\"global\":true},\"max\":{\"value\":\"\",\"message\":\"Validation fails for maximum value\",\"global_message\":\"Validation fails for maximum value\",\"global\":true},\"digits\":{\"value\":\"\",\"message\":\"Validation fails for limited digits\",\"global_message\":\"Validation fails for limited digits\",\"global\":true}},\"numeric_field_3\":{\"required\":{\"value\":false,\"message\":\"This field is required\",\"global_message\":\"This field is required\",\"global\":true},\"numeric\":{\"value\":true,\"message\":\"This field must contain numeric value\",\"global_message\":\"This field must contain numeric value\",\"global\":true},\"min\":{\"value\":\"\",\"message\":\"Validation fails for minimum value\",\"global_message\":\"Validation fails for minimum value\",\"global\":true},\"max\":{\"value\":\"\",\"message\":\"Validation fails for maximum value\",\"global_message\":\"Validation fails for maximum value\",\"global\":true},\"digits\":{\"value\":\"\",\"message\":\"Validation fails for limited digits\",\"global_message\":\"Validation fails for limited digits\",\"global\":true}},\"description_10\":{\"required\":{\"value\":false,\"message\":\"This field is required\",\"global_message\":\"This field is required\",\"global\":true}},\"checkbox_1\":{\"required\":{\"value\":true,\"message\":\"This field is required\",\"global_message\":\"This field is required\",\"global\":true}}},\"debounce_time\":300};\n                            <\/script>\n            \n","protected":false},"excerpt":{"rendered":"<p>Nitelikler Caribou Coffee T\u00fcrkiye ailesinin bir par\u00e7as\u0131 olmak istiyorsan\u0131z ve a\u015fa\u011f\u0131daki niteliklere sahipseniz m\u00fckemmel bir aday olabilirsiniz:<\/p>\n","protected":false},"author":1,"featured_media":0,"parent":0,"menu_order":0,"comment_status":"closed","ping_status":"closed","template":"","meta":{"_acf_changed":false,"footnotes":""},"class_list":["post-108","page","type-page","status-publish","hentry"],"blocksy_meta":{"has_hero_section":"enabled","styles_descriptor":{"styles":{"desktop":"[data-prefix=\"single_page\"] .entry-header .page-title {--theme-font-size:30px;} [data-prefix=\"single_page\"] .entry-header .entry-meta {--theme-font-weight:600;--theme-text-transform:uppercase;--theme-font-size:12px;--theme-line-height:1.3;}","tablet":"","mobile":""},"google_fonts":[],"version":6}},"acf":[],"_links":{"self":[{"href":"https:\/\/test.cariboucoffee.com.tr\/index.php?rest_route=\/wp\/v2\/pages\/108","targetHints":{"allow":["GET"]}}],"collection":[{"href":"https:\/\/test.cariboucoffee.com.tr\/index.php?rest_route=\/wp\/v2\/pages"}],"about":[{"href":"https:\/\/test.cariboucoffee.com.tr\/index.php?rest_route=\/wp\/v2\/types\/page"}],"author":[{"embeddable":true,"href":"https:\/\/test.cariboucoffee.com.tr\/index.php?rest_route=\/wp\/v2\/users\/1"}],"replies":[{"embeddable":true,"href":"https:\/\/test.cariboucoffee.com.tr\/index.php?rest_route=%2Fwp%2Fv2%2Fcomments&post=108"}],"version-history":[{"count":4,"href":"https:\/\/test.cariboucoffee.com.tr\/index.php?rest_route=\/wp\/v2\/pages\/108\/revisions"}],"predecessor-version":[{"id":709,"href":"https:\/\/test.cariboucoffee.com.tr\/index.php?rest_route=\/wp\/v2\/pages\/108\/revisions\/709"}],"wp:attachment":[{"href":"https:\/\/test.cariboucoffee.com.tr\/index.php?rest_route=%2Fwp%2Fv2%2Fmedia&parent=108"}],"curies":[{"name":"wp","href":"https:\/\/api.w.org\/{rel}","templated":true}]}}