{"id":109,"date":"2025-12-13T20:55:41","date_gmt":"2025-12-13T17:55:41","guid":{"rendered":"http:\/\/localhost:10016\/?page_id=109"},"modified":"2026-04-13T20:32:33","modified_gmt":"2026-04-13T20:32:33","slug":"kariyer","status":"publish","type":"page","link":"https:\/\/test.cariboucoffee.com.tr\/?page_id=109","title":{"rendered":"KAR\u0130YER"},"content":{"rendered":"\n<p>Caribou Coffee&#8217;nin y\u00fcz\u00fc ve sesi olan baristalar\u0131m\u0131z tak\u0131m\u0131m\u0131z\u0131n en de\u011ferli par\u00e7as\u0131d\u0131r. Onlar, kaliteli kahvelerimizi haz\u0131rl\u0131yorlar ve misafirlerimizin daha iyi bir g\u00fcn ge\u00e7irmesi i\u00e7in \u00e7al\u0131\u015f\u0131yorlar. \u015eubelerimize girdi\u011finiz andan itibaren size m\u00fckemmel deneyimi ya\u015fatan baristalar\u0131m\u0131z, her g\u00fcn keyifle i\u015fe ba\u015fl\u0131yorlar ve s\u00fcrekli ald\u0131klar\u0131 e\u011fitimlerle hem profesyonel bilgilerini hem de yetkinliklerini geli\u015ftiriyorlar.<\/p>\n\n\n\n<p><strong><a href=\"http:\/\/www.kariyer.net\/caribou-coffee-is-ilanlari-c155209-p83965\/\" target=\"_blank\" rel=\"noreferrer noopener\">\u0130\u015f \u0130lanlar\u0131m\u0131z<\/a><\/strong><\/p>\n\n\n\n<p>Dilerseniz \u00f6zge\u00e7mi\u015finizi bize buradan da iletebilirsiniz.<\/p>\n\n\n\n<div class=\"wpcf7 no-js\" id=\"wpcf7-f1221-o1\" lang=\"tr-TR\" dir=\"ltr\" data-wpcf7-id=\"1221\">\n<div class=\"screen-reader-response\"><p role=\"status\" aria-live=\"polite\" aria-atomic=\"true\"><\/p> <ul><\/ul><\/div>\n<form action=\"\/index.php?rest_route=%2Fwp%2Fv2%2Fpages%2F109#wpcf7-f1221-o1\" method=\"post\" class=\"wpcf7-form init\" aria-label=\"\u0130leti\u015fim Formu\" enctype=\"multipart\/form-data\" novalidate=\"novalidate\" data-status=\"init\">\n<fieldset class=\"hidden-fields-container\"><input type=\"hidden\" name=\"_wpcf7\" value=\"1221\" \/><input type=\"hidden\" name=\"_wpcf7_version\" value=\"6.1.5\" \/><input type=\"hidden\" name=\"_wpcf7_locale\" value=\"tr_TR\" \/><input type=\"hidden\" name=\"_wpcf7_unit_tag\" value=\"wpcf7-f1221-o1\" \/><input type=\"hidden\" name=\"_wpcf7_container_post\" value=\"0\" \/><input type=\"hidden\" name=\"_wpcf7_posted_data_hash\" value=\"\" \/>\n<\/fieldset>\n<p><label> Ad Soyad<br \/>\n<span class=\"wpcf7-form-control-wrap\" data-name=\"your-name\"><input size=\"40\" maxlength=\"400\" class=\"wpcf7-form-control wpcf7-text wpcf7-validates-as-required\" aria-required=\"true\" aria-invalid=\"false\" value=\"\" type=\"text\" name=\"your-name\" \/><\/span> <\/label>\n<\/p>\n<p><label> E-posta<br \/>\n<span class=\"wpcf7-form-control-wrap\" data-name=\"your-email\"><input size=\"40\" maxlength=\"400\" class=\"wpcf7-form-control wpcf7-email wpcf7-validates-as-required wpcf7-text wpcf7-validates-as-email\" aria-required=\"true\" aria-invalid=\"false\" value=\"\" type=\"email\" name=\"your-email\" \/><\/span> <\/label>\n<\/p>\n<p><label> CV Y\u00fckle<br \/>\n<span class=\"wpcf7-form-control-wrap\" data-name=\"ozgecmis\"><input size=\"40\" class=\"wpcf7-form-control wpcf7-file wpcf7-validates-as-required\" accept=\".pdf,.doc,.docx\" aria-required=\"true\" aria-invalid=\"false\" type=\"file\" name=\"ozgecmis\" \/><\/span> <\/label>\n<\/p>\n<p><input class=\"wpcf7-form-control wpcf7-submit has-spinner\" type=\"submit\" value=\"Ba\u015fvur\" \/>\n<\/p><div class=\"wpcf7-response-output\" aria-hidden=\"true\"><\/div>\n<\/form>\n<\/div>\n\n","protected":false},"excerpt":{"rendered":"<p>Caribou Coffee&#8217;nin y\u00fcz\u00fc ve sesi olan baristalar\u0131m\u0131z tak\u0131m\u0131m\u0131z\u0131n en de\u011ferli par\u00e7as\u0131d\u0131r. Onlar, kaliteli kahvelerimizi haz\u0131rl\u0131yorlar ve misafirlerimizin daha iyi bir g\u00fcn ge\u00e7irmesi i\u00e7in \u00e7al\u0131\u015f\u0131yorlar. \u015eubelerimize girdi\u011finiz andan itibaren size m\u00fckemmel deneyimi ya\u015fatan baristalar\u0131m\u0131z, her g\u00fcn keyifle i\u015fe ba\u015fl\u0131yorlar ve s\u00fcrekli ald\u0131klar\u0131 e\u011fitimlerle hem profesyonel bilgilerini hem de yetkinliklerini geli\u015ftiriyorlar. \u0130\u015f \u0130lanlar\u0131m\u0131z Dilerseniz \u00f6zge\u00e7mi\u015finizi bize buradan [&hellip;]<\/p>\n","protected":false},"author":1,"featured_media":0,"parent":0,"menu_order":0,"comment_status":"closed","ping_status":"closed","template":"","meta":{"_acf_changed":false,"footnotes":""},"class_list":["post-109","page","type-page","status-publish","hentry"],"blocksy_meta":{"has_hero_section":"enabled","styles_descriptor":{"styles":{"desktop":"[data-prefix=\"single_page\"] .entry-header .page-title {--theme-font-size:30px;} [data-prefix=\"single_page\"] .entry-header .entry-meta {--theme-font-weight:600;--theme-text-transform:uppercase;--theme-font-size:12px;--theme-line-height:1.3;}","tablet":"","mobile":""},"google_fonts":[],"version":6}},"acf":[],"_links":{"self":[{"href":"https:\/\/test.cariboucoffee.com.tr\/index.php?rest_route=\/wp\/v2\/pages\/109","targetHints":{"allow":["GET"]}}],"collection":[{"href":"https:\/\/test.cariboucoffee.com.tr\/index.php?rest_route=\/wp\/v2\/pages"}],"about":[{"href":"https:\/\/test.cariboucoffee.com.tr\/index.php?rest_route=\/wp\/v2\/types\/page"}],"author":[{"embeddable":true,"href":"https:\/\/test.cariboucoffee.com.tr\/index.php?rest_route=\/wp\/v2\/users\/1"}],"replies":[{"embeddable":true,"href":"https:\/\/test.cariboucoffee.com.tr\/index.php?rest_route=%2Fwp%2Fv2%2Fcomments&post=109"}],"version-history":[{"count":5,"href":"https:\/\/test.cariboucoffee.com.tr\/index.php?rest_route=\/wp\/v2\/pages\/109\/revisions"}],"predecessor-version":[{"id":1486,"href":"https:\/\/test.cariboucoffee.com.tr\/index.php?rest_route=\/wp\/v2\/pages\/109\/revisions\/1486"}],"wp:attachment":[{"href":"https:\/\/test.cariboucoffee.com.tr\/index.php?rest_route=%2Fwp%2Fv2%2Fmedia&parent=109"}],"curies":[{"name":"wp","href":"https:\/\/api.w.org\/{rel}","templated":true}]}}