{"id":120,"date":"2025-12-13T20:59:00","date_gmt":"2025-12-13T17:59:00","guid":{"rendered":"http:\/\/localhost:10016\/?page_id=120"},"modified":"2026-04-09T09:42:44","modified_gmt":"2026-04-09T09:42:44","slug":"online-iletisim-aydinlatma-metni","status":"publish","type":"page","link":"https:\/\/test.cariboucoffee.com.tr\/?page_id=120","title":{"rendered":"6698 SAYILI K\u0130\u015e\u0130SEL VER\u0130LER\u0130N KORUNMASI KANUNU (KVKK)ONLINE \u0130LET\u0130\u015e\u0130M AYDINLATMA METN\u0130"},"content":{"rendered":"\n<p><strong>A. K\u0130\u015e\u0130SEL VER\u0130 TOPLAMANIN Y\u00d6NTEM\u0130 VE HUKUK\u0130 SEBEB\u0130<\/strong><\/p>\n\n\n\n<p>\u015eirketimiz taraf\u0131ndan sunulan hizmet ve \u00fcr\u00fcnlere ili\u015fkin sosyal medya hesaplar\u0131m\u0131z, web sitemiz ve info maili arac\u0131l\u0131\u011f\u0131yla yap\u0131lan ba\u015fvuru, \u00f6neri ve \u015fikayetler i\u00e7in taraf\u0131m\u0131zla ileti\u015fime ge\u00e7en M\u00fc\u015fterilerin ki\u015fisel verileri \u015firketimizce i\u015flenmektedir. Taraf\u0131n\u0131za ait temin edilmesi muhtemel, ad soyad, adres, telefon numaras\u0131, e-posta adresi, sosyal medya hesaplar\u0131, foto\u011fraf, ya\u015f, cinsiyet ve bunlarla s\u0131n\u0131rl\u0131 olmamak kayd\u0131yla ki\u015fisel veri tan\u0131m\u0131na giren her t\u00fcrl\u00fc veri a\u015fa\u011f\u0131daki ko\u015fullar ve kapsam\u0131nda Caribou taraf\u0131ndan i\u015flenmektedir. \u0130\u015flenme; KVKK&#8217;n\u0131n 3. maddesinde ki\u015fisel verilerin kaydedilmesi, depolanmas\u0131, muhafaza edilmesi, de\u011fi\u015ftirilmesi, yeniden d\u00fczenlenmesi, a\u00e7\u0131klanmas\u0131, aktar\u0131lmas\u0131, devral\u0131nmas\u0131, elde edilebilir h\u00e2le getirilmesi, s\u0131n\u0131fland\u0131r\u0131lmas\u0131 i\u015flemleri olarak tan\u0131mlanm\u0131\u015ft\u0131r.<\/p>\n\n\n\n<p><strong>B. K\u0130\u015e\u0130SEL VER\u0130LER\u0130N \u0130\u015eLENME AMA\u00c7LARI<\/strong><\/p>\n\n\n\n<p>Ki\u015fisel verileriniz Caribou taraf\u0131ndan a\u015fa\u011f\u0131daki ama\u00e7larla KVKK&#8217;n\u0131n 5. ve 6. maddelerinde belirtilen ki\u015fisel veri i\u015fleme \u015fartlar\u0131 ve ama\u00e7lar\u0131 kapsam\u0131nda i\u015flenecektir:<\/p>\n\n\n\n<ul class=\"wp-block-list\">\n<li>Caribou taraf\u0131ndan sunulan \u00fcr\u00fcn ve hizmetlerden ilgili ki\u015fileri faydaland\u0131rmak i\u00e7in gerekli \u00e7al\u0131\u015fmalar\u0131n i\u015f birimlerimiz taraf\u0131ndan yap\u0131lmas\u0131 ve ilgili i\u015f s\u00fcre\u00e7lerinin y\u00fcr\u00fct\u00fclmesi,<\/li>\n\n\n\n<li>M\u00fc\u015fteri soru ve taleplerine cevap verebilmek, gerekti\u011finde M\u00fc\u015fteriyle ileti\u015fime ge\u00e7ebilmek,<\/li>\n\n\n\n<li>M\u00fc\u015fteri ba\u015fvuru, \u00f6neri ve \u015fikayetlerini de\u011ferlendirmek, gerekti\u011finde M\u00fc\u015fteriye geri bildirim sa\u011flamak,<\/li>\n\n\n\n<li>Taraf\u0131n\u0131za sa\u011flanan hizmetlere ili\u015fkin i\u015flem ve i\u015flerin y\u00fcr\u00fct\u00fcm\u00fc, hizmet kalitesi vb hususlar\u0131n takibi,<\/li>\n\n\n\n<li>Finansal ve muhasebesel kay\u0131tlar\u0131n tutulmas\u0131,<\/li>\n\n\n\n<li>\u0130lgili Kamu Kurum ve Kurulu\u015flar\u0131, Noterlik, Mahkeme ve Savc\u0131l\u0131klar&#8217;a bildirim zorunlulu\u011fu ve Caribou&#8217;nun hukuken haklar\u0131n\u0131 korumak amac\u0131yla her t\u00fcrl\u00fc yasal merci nezdinde y\u00fck\u00fcml\u00fcl\u00fcklerin yerine getirilmesi,<\/li>\n\n\n\n<li>Sair her t\u00fcrl\u00fc yasal zorunluluklar\u0131 yerine getirmek.<\/li>\n<\/ul>\n\n\n\n<p><strong>C. K\u0130\u015e\u0130SEL VER\u0130LER\u0130N K\u0130MLERE VE HANG\u0130 AMA\u00c7LARLA AKTARILAB\u0130LECE\u011e\u0130<\/strong><\/p>\n\n\n\n<p>Ki\u015fisel verileriniz, Caribou&#8217;nun ticari olarak varl\u0131\u011f\u0131n\u0131 s\u00fcrd\u00fcrebilmesi ve yukar\u0131da belirtilen ama\u00e7lar\u0131n ger\u00e7ekle\u015ftirilmesi amac\u0131yla KVKK&#8217;n\u0131n 8. ve 9. maddelerinde belirtilen ki\u015fisel veri i\u015fleme \u015fartlar\u0131 ve ama\u00e7lar\u0131 \u00e7er\u00e7evesinde;<\/p>\n\n\n\n<ul class=\"wp-block-list\">\n<li>Ki\u015fisel verileriniz hi\u00e7bir \u015fekilde \u00fc\u00e7\u00fcnc\u00fc ki\u015filere sat\u0131lmaz, kiralanmaz veya ticari ama\u00e7larla kulland\u0131r\u0131lmaz.<\/li>\n\n\n\n<li>Ki\u015fisel verilere yaln\u0131zca yetkili personelimiz ve gizlilik y\u00fck\u00fcml\u00fcl\u00fc\u011f\u00fc alt\u0131ndaki i\u015f ortaklar\u0131m\u0131z eri\u015febilir.<\/li>\n\n\n\n<li>Ayr\u0131ca, kimli\u011fi belirli veya belirlenebilir bir ki\u015fiyle ili\u015fkilendirilemeyecek \u015fekilde anonimle\u015ftirilmi\u015f veriler, hizmetlerimizin geli\u015ftirilmesi ve kullan\u0131c\u0131 deneyiminin iyile\u015ftirilmesi amac\u0131yla analiz edilebilir.<\/li>\n<\/ul>\n\n\n\n<p><strong>D. K\u0130\u015e\u0130SEL VER\u0130LER\u0130N DO\u011eRU VE G\u00dcNCEL TUTULMASI<\/strong><\/p>\n\n\n\n<p>KVKK&#8217;n\u0131n 4.maddesi uyar\u0131nca; Veri Sorumlular\u0131n\u0131n ki\u015fisel verileri do\u011fru ve g\u00fcncel olarak tutulmas\u0131 y\u00fck\u00fcml\u00fcl\u00fc\u011f\u00fc gere\u011fi; \u0130lgili Ki\u015fi, \u015eirketimizle payla\u015ft\u0131\u011f\u0131 ki\u015fisel verilerinin do\u011fru oldu\u011funu ve de\u011fi\u015fiklik olmas\u0131 halinde g\u00fcncellemeyi kabul ve beyan eder. \u0130lgili ki\u015fi, do\u011fru ve gerekti\u011fi takdirde verilerinin g\u00fcncel olmas\u0131n\u0131 sa\u011flamak amac\u0131yla \u015eirketimiz taraf\u0131ndan belirli periyotlarda kendisiyle, ileti\u015fime ge\u00e7ilmesini&nbsp;<strong><u>kabul etti\u011fini<\/u><\/strong>&nbsp;beyan eder.<\/p>\n\n\n\n<p><strong>E. SAKLAMA S\u00dcRES\u0130 ve \u0130MHA<\/strong><\/p>\n\n\n\n<p>\u0130\u015fbu kapsamda i\u015flenen ki\u015fisel veriler ilgili mevzuat gere\u011fi 10 y\u0131l saklan\u0131r ve taraflardan birinin bu 10 y\u0131ll\u0131k s\u00fcre i\u00e7inde herhangi bir dava a\u00e7mamas\u0131 halinde 10 y\u0131l\u0131n dolumunu m\u00fcteakip 180 g\u00fcn i\u00e7inde imha edilir.<\/p>\n\n\n\n<p><strong>F. K\u0130\u015e\u0130SEL VER\u0130 SAH\u0130B\u0130 \u0130LG\u0130L\u0130 K\u0130\u015e\u0130N\u0130N 6698 SAYILI KVKK KAPSAMINDA HAKLARI<\/strong><\/p>\n\n\n\n<p><strong>6698 say\u0131l\u0131 KVKK&#8217;n\u0131n 11. Maddesi kapsam\u0131nda herkes veri sorumlusu s\u0131fay\u0131 ile Caribou&#8217;a a\u015fa\u011f\u0131daki hususlarda ba\u015fvurma hakk\u0131na sahiptir:<\/strong><\/p>\n\n\n\n<ul class=\"wp-block-list\">\n<li>Ki\u015fisel veri i\u015flenip i\u015flenmedi\u011fini \u00f6\u011frenme,<\/li>\n\n\n\n<li>Ki\u015fisel verileri i\u015flenmi\u015fse buna ili\u015fkin bilgi talep etme,<\/li>\n\n\n\n<li>Ki\u015fisel verilerin i\u015flenme amac\u0131n\u0131 ve bunlar\u0131n amac\u0131na uygun kullan\u0131l\u0131p kullan\u0131lmad\u0131\u011f\u0131n\u0131 \u00f6\u011frenme,<\/li>\n\n\n\n<li>Yurt i\u00e7inde veya yurt d\u0131\u015f\u0131nda ki\u015fisel verilerin aktar\u0131ld\u0131\u011f\u0131 \u00fc\u00e7\u00fcnc\u00fc ki\u015fileri bilme,<\/li>\n\n\n\n<li>Ki\u015fisel verilerin eksik veya yanl\u0131\u015f i\u015flenmi\u015f olmas\u0131 h\u00e2linde bunlar\u0131n d\u00fczeltilmesini isteme,<\/li>\n\n\n\n<li>6698 say\u0131l\u0131 KVKK&#8217;n\u0131n 7. maddesi uyar\u0131nca, bu Kanun ve ilgili di\u011fer kanun h\u00fck\u00fcmlerine uygun olarak i\u015flenmi\u015f olmas\u0131na ra\u011fmen, i\u015flenmesini gerektiren sebeplerin ortadan kalkmas\u0131 h\u00e2linde ki\u015fisel veriler resen veya ilgili ki\u015finin talebi \u00fczerine \u00f6ng\u00f6r\u00fclen \u015fartlar \u00e7er\u00e7evesinde ki\u015fisel verilerin silinmesini veya yok edilmesini isteme,<\/li>\n\n\n\n<li>5. ve 6. Maddeler kapsam\u0131nda bentleri uyar\u0131nca yap\u0131lan i\u015flemlerin, ki\u015fisel verilerin aktar\u0131ld\u0131\u011f\u0131 \u00fc\u00e7\u00fcnc\u00fc ki\u015filere bildirilmesini isteme,<\/li>\n\n\n\n<li>\u0130\u015flenen verilerin m\u00fcnhas\u0131ran otomatik sistemler vas\u0131tas\u0131yla analiz edilmesi suretiyle ki\u015finin kendisi aleyhine bir sonucun ortaya \u00e7\u0131kmas\u0131na itiraz etme,<\/li>\n\n\n\n<li>Ki\u015fisel verilerin kanuna ayk\u0131r\u0131 olarak i\u015flenmesi sebebiyle zarara u\u011framas\u0131 h\u00e2linde zarar\u0131n giderilmesini talep etme.<\/li>\n<\/ul>\n\n\n\n<p><strong>G. \u0130LG\u0130L\u0130 K\u0130\u015e\u0130N\u0130N HAKLARINI KULLANMA Y\u00d6NTEM\u0130<\/strong><\/p>\n\n\n\n<p>Ki\u015fisel veri sahibi &#8220;\u0130lgili Ki\u015fi&#8221;, F bendinde yer verilen haklar\u0131n\u0131 ve taleplerini Caribou&#8217;e bildirebilecektir. Bu kapsamda ilgili ki\u015fi 6698 Say\u0131l\u0131 Ki\u015fisel Verilerin Korunmas\u0131 Kanunu madde 11 uyar\u0131nca sahip oldu\u011fu di\u011fer t\u00fcm haklar\u0131n\u0131 kullanmak amac\u0131yla,<\/p>\n\n\n\n<ul class=\"wp-block-list\">\n<li>Ba\u015fvuru sahibinin \u015fahsen ba\u015fvurusu ile,<\/li>\n\n\n\n<li>\u0130mza beyannamesi eklenerek posta yoluyla,<\/li>\n\n\n\n<li>Noter vas\u0131tas\u0131yla,<\/li>\n\n\n\n<li>Ba\u015fvuru sahibinin ad\u0131na tan\u0131ml\u0131 g\u00fcvenli elektronik imza ile imzalanarak 0216 385 62 32 \/131 numaral\u0131 telefondan edinece\u011fi KEP adresine g\u00f6ndererek<\/li>\n<\/ul>\n\n\n\n<p>kimli\u011fini ve ilgisini ispatlamak suretiyle ba\u015fvurabilir.<\/p>\n\n\n\n<p>Ba\u015fvuru talebin niteli\u011fine g\u00f6re en k\u0131sa s\u00fcrede ve en ge\u00e7 otuz g\u00fcn i\u00e7inde \u00fccretsiz olarak sonu\u00e7land\u0131r\u0131lacakt\u0131r. Ancak, i\u015flemin ayr\u0131ca bir maliyeti gerektirmesi h\u00e2linde, Kurulca belirlenen tarifedeki \u00fccret al\u0131nabilir.&nbsp;<strong>Ba\u015fvuru formuna<\/strong>&nbsp;<a href=\"https:\/\/www.cariboucoffee.com.tr\/\" target=\"_blank\" rel=\"noreferrer noopener\"><strong>http:\/\/www.cariboucoffee.com.tr<\/strong>\/<\/a>&nbsp;adresinden eri\u015febilirsiniz.<\/p>\n\n\n\n<p><strong>\u0130LET\u0130\u015e\u0130M B\u0130LG\u0130LER\u0130<\/strong><\/p>\n\n\n\n<p><strong>Global Kahve Perakendecili\u011fi G\u0131da Sanayi Ve Ticaret Anonim \u015eirketi<\/strong><\/p>\n\n\n\n<p><strong>Mersis No:<\/strong>&nbsp;0388058026700018<\/p>\n\n\n\n<p><strong>\u0130leti\u015fim Linki:<\/strong>&nbsp;http:\/\/www.cariboucoffee.com.tr\/<\/p>\n\n\n\n<p><strong>Adres:<\/strong>\u00a0Caddebostan Mah. \u00c7amF\u0131st\u0131\u011f\u0131 Sokak No:305\/A Kad\u0131k\u00f6y\/\u0130stanbul<\/p>\n","protected":false},"excerpt":{"rendered":"<p>A. K\u0130\u015e\u0130SEL VER\u0130 TOPLAMANIN Y\u00d6NTEM\u0130 VE HUKUK\u0130 SEBEB\u0130 \u015eirketimiz taraf\u0131ndan sunulan hizmet ve \u00fcr\u00fcnlere ili\u015fkin sosyal medya hesaplar\u0131m\u0131z, web sitemiz ve info maili arac\u0131l\u0131\u011f\u0131yla yap\u0131lan ba\u015fvuru, \u00f6neri ve \u015fikayetler i\u00e7in taraf\u0131m\u0131zla ileti\u015fime ge\u00e7en M\u00fc\u015fterilerin ki\u015fisel verileri \u015firketimizce i\u015flenmektedir. Taraf\u0131n\u0131za ait temin edilmesi muhtemel, ad soyad, adres, telefon numaras\u0131, e-posta adresi, sosyal medya hesaplar\u0131, foto\u011fraf, ya\u015f, [&hellip;]<\/p>\n","protected":false},"author":1,"featured_media":0,"parent":0,"menu_order":0,"comment_status":"closed","ping_status":"closed","template":"","meta":{"_acf_changed":false,"footnotes":""},"class_list":["post-120","page","type-page","status-publish","hentry"],"blocksy_meta":{"has_hero_section":"enabled","styles_descriptor":{"styles":{"desktop":"[data-prefix=\"single_page\"] .entry-header .page-title {--theme-font-size:30px;} [data-prefix=\"single_page\"] .entry-header .entry-meta {--theme-font-weight:600;--theme-text-transform:uppercase;--theme-font-size:12px;--theme-line-height:1.3;}","tablet":"","mobile":""},"google_fonts":[],"version":6}},"acf":[],"_links":{"self":[{"href":"https:\/\/test.cariboucoffee.com.tr\/index.php?rest_route=\/wp\/v2\/pages\/120","targetHints":{"allow":["GET"]}}],"collection":[{"href":"https:\/\/test.cariboucoffee.com.tr\/index.php?rest_route=\/wp\/v2\/pages"}],"about":[{"href":"https:\/\/test.cariboucoffee.com.tr\/index.php?rest_route=\/wp\/v2\/types\/page"}],"author":[{"embeddable":true,"href":"https:\/\/test.cariboucoffee.com.tr\/index.php?rest_route=\/wp\/v2\/users\/1"}],"replies":[{"embeddable":true,"href":"https:\/\/test.cariboucoffee.com.tr\/index.php?rest_route=%2Fwp%2Fv2%2Fcomments&post=120"}],"version-history":[{"count":3,"href":"https:\/\/test.cariboucoffee.com.tr\/index.php?rest_route=\/wp\/v2\/pages\/120\/revisions"}],"predecessor-version":[{"id":1420,"href":"https:\/\/test.cariboucoffee.com.tr\/index.php?rest_route=\/wp\/v2\/pages\/120\/revisions\/1420"}],"wp:attachment":[{"href":"https:\/\/test.cariboucoffee.com.tr\/index.php?rest_route=%2Fwp%2Fv2%2Fmedia&parent=120"}],"curies":[{"name":"wp","href":"https:\/\/api.w.org\/{rel}","templated":true}]}}