{"id":121,"date":"2025-12-13T20:59:00","date_gmt":"2025-12-13T17:59:00","guid":{"rendered":"http:\/\/localhost:10016\/?page_id=121"},"modified":"2026-03-29T22:30:38","modified_gmt":"2026-03-29T22:30:38","slug":"gizlilik-bildirimi","status":"publish","type":"page","link":"https:\/\/test.cariboucoffee.com.tr\/?page_id=121","title":{"rendered":"G\u0130ZL\u0130L\u0130K B\u0130LD\u0130R\u0130M\u0130"},"content":{"rendered":"\n<p>Global Kahve Perakendecili\u011fi G\u0131da Sanayi ve Ticaret A.\u015e., ziyaret\u00e7iler taraf\u0131ndan bu sitedeki formlar arac\u0131l\u0131\u011f\u0131yla sunulan isminiz, elektronik posta adresiniz, i\u015f ve ev adresiniz, telefon numaran\u0131z ve sair ki\u015fisel verilerinizi (Bundan sonra &#8216;Ki\u015fisel Bilgiler&#8217; olarak an\u0131lacakt\u0131r) \u00fc\u00e7\u00fcnc\u00fc ki\u015filere satmayaca\u011f\u0131n\u0131, kiralamayaca\u011f\u0131n\u0131 veya hi\u00e7bir \u015fekilde kulland\u0131rmayaca\u011f\u0131n\u0131 kabul, beyan ve taahh\u00fct eder.<\/p>\n\n\n\n<p>Global Kahve Perakendecili\u011fi G\u0131da Sanayi ve Ticaret A.\u015e., Ki\u015fisel Bilgileri a\u015fa\u011f\u0131daki ama\u00e7larla s\u0131n\u0131rl\u0131 olmak \u00fczere kullanacakt\u0131r: Bas\u0131l\u0131 yay\u0131nlar\/yaz\u0131\u015fmalar g\u00f6ndermek, elektronik posta ile bas\u0131n b\u00fcltenleri veya bildirimler g\u00f6ndermek, i\u015fe al\u0131m s\u00fcre\u00e7lerinde ba\u015fvurular\u0131n\u0131z\u0131 de\u011ferlendirmek, sat\u0131n ald\u0131\u011f\u0131n\u0131z mallar\u0131 ve\/veya \u00f6d\u00fcllerinizi teslim etmek.<\/p>\n\n\n\n<p>Ki\u015fisel Bilgilere, sadece Global Kahve Perakendecili\u011fi G\u0131da Sanayi ve Ticaret A.\u015e.&#8217;nin yetkili personeli ve Ki\u015fisel Bilgileri gizli tutmay\u0131 kabul etmi\u015f olan \u00fc\u00e7\u00fcnc\u00fc ki\u015fi temsilcilerimiz eri\u015febilirler. Global Kahve Perakendecili\u011fi G\u0131da Sanayi ve Ticaret A.\u015e., Ki\u015fisel Bilgileri a\u00e7\u0131klamadan, Ki\u015fisel Bilgilerden elde edilebilecek istatistiksel verileri (Taray\u0131c\u0131 tipi, co\u011frafi konum, ya\u015f, cinsiyet, v.b.), Web sitesini iyile\u015ftirmek ve genel olarak t\u00fcketicileri hakk\u0131nda daha \u00e7ok bilgi sahibi olmak amac\u0131yla kullanabilecektir. Elde edilen bu t\u00fcr istatistiksel veriler \u00fczerindeki her t\u00fcrl\u00fc haklar Global Kahve Perakendecili\u011fi G\u0131da Sanayi ve Ticaret A.\u015e.&#8217;ye aittir.<\/p>\n\n\n\n<div class=\"wp-block-group is-nowrap is-layout-flex wp-container-core-group-is-layout-6c531013 wp-block-group-is-layout-flex\">\n<p>Global Kahve Perakendecili\u011fi G\u0131da Sanayi ve Ticaret A.\u015e., web sitesindeki ba\u011flant\u0131lar arac\u0131l\u0131\u011f\u0131yla ula\u015faca\u011f\u0131n\u0131z \u00fc\u00e7\u00fcnc\u00fc ki\u015filere ait web sitelerinin gizlilik ilkeleri hakk\u0131nda bir garanti vermez, bu nedenle ki\u015fisel olarak belirlenebilir herhangi bir bilgi vermeden \u00f6nce, gitti\u011finiz sitelerin gizlilik yakla\u015f\u0131mlar\u0131n\u0131 de\u011ferlendirmenizi \u00f6neririz.<\/p>\n\n\n\n<figure class=\"wp-block-image size-full\"><img decoding=\"async\" src=\"https:\/\/test.cariboucoffee.com.tr\/wp-content\/uploads\/2025\/12\/image.png\" alt=\"\" class=\"wp-image-208\"\/><\/figure>\n<\/div>\n","protected":false},"excerpt":{"rendered":"<p>Global Kahve Perakendecili\u011fi G\u0131da Sanayi ve Ticaret A.\u015e., ziyaret\u00e7iler taraf\u0131ndan bu sitedeki formlar arac\u0131l\u0131\u011f\u0131yla sunulan isminiz, elektronik posta adresiniz, i\u015f ve ev adresiniz, telefon numaran\u0131z ve sair ki\u015fisel verilerinizi (Bundan sonra &#8216;Ki\u015fisel Bilgiler&#8217; olarak an\u0131lacakt\u0131r) \u00fc\u00e7\u00fcnc\u00fc ki\u015filere satmayaca\u011f\u0131n\u0131, kiralamayaca\u011f\u0131n\u0131 veya hi\u00e7bir \u015fekilde kulland\u0131rmayaca\u011f\u0131n\u0131 kabul, beyan ve taahh\u00fct eder. Global Kahve Perakendecili\u011fi G\u0131da Sanayi ve Ticaret [&hellip;]<\/p>\n","protected":false},"author":1,"featured_media":0,"parent":0,"menu_order":0,"comment_status":"closed","ping_status":"closed","template":"","meta":{"_acf_changed":false,"footnotes":""},"class_list":["post-121","page","type-page","status-publish","hentry"],"blocksy_meta":{"has_hero_section":"enabled","styles_descriptor":{"styles":{"desktop":"[data-prefix=\"single_page\"] .entry-header .page-title {--theme-font-size:30px;} [data-prefix=\"single_page\"] .entry-header .entry-meta {--theme-font-weight:600;--theme-text-transform:uppercase;--theme-font-size:12px;--theme-line-height:1.3;}","tablet":"","mobile":""},"google_fonts":[],"version":6}},"acf":[],"_links":{"self":[{"href":"https:\/\/test.cariboucoffee.com.tr\/index.php?rest_route=\/wp\/v2\/pages\/121","targetHints":{"allow":["GET"]}}],"collection":[{"href":"https:\/\/test.cariboucoffee.com.tr\/index.php?rest_route=\/wp\/v2\/pages"}],"about":[{"href":"https:\/\/test.cariboucoffee.com.tr\/index.php?rest_route=\/wp\/v2\/types\/page"}],"author":[{"embeddable":true,"href":"https:\/\/test.cariboucoffee.com.tr\/index.php?rest_route=\/wp\/v2\/users\/1"}],"replies":[{"embeddable":true,"href":"https:\/\/test.cariboucoffee.com.tr\/index.php?rest_route=%2Fwp%2Fv2%2Fcomments&post=121"}],"version-history":[{"count":1,"href":"https:\/\/test.cariboucoffee.com.tr\/index.php?rest_route=\/wp\/v2\/pages\/121\/revisions"}],"predecessor-version":[{"id":715,"href":"https:\/\/test.cariboucoffee.com.tr\/index.php?rest_route=\/wp\/v2\/pages\/121\/revisions\/715"}],"wp:attachment":[{"href":"https:\/\/test.cariboucoffee.com.tr\/index.php?rest_route=%2Fwp%2Fv2%2Fmedia&parent=121"}],"curies":[{"name":"wp","href":"https:\/\/api.w.org\/{rel}","templated":true}]}}