{"id":122,"date":"2025-12-13T20:59:00","date_gmt":"2025-12-13T17:59:00","guid":{"rendered":"http:\/\/localhost:10016\/?page_id=122"},"modified":"2026-03-29T22:30:59","modified_gmt":"2026-03-29T22:30:59","slug":"kullanim-kosullari","status":"publish","type":"page","link":"https:\/\/test.cariboucoffee.com.tr\/?page_id=122","title":{"rendered":"KULLANIM KO\u015eULLARI"},"content":{"rendered":"\n<p>Bu sitede yer alan her t\u00fcrl\u00fc tasar\u0131m, marka, logo ve ses, g\u00f6r\u00fcnt\u00fc, yaz\u0131 i\u00e7eren bilgi ve belgeler (bundan sonra &#8216;\u0130\u00e7erik&#8217; olarak an\u0131lacakt\u0131r) \u00fczerindeki fikri m\u00fclkiyet haklar\u0131 ile telif haklar\u0131 Global Kahve Perakendecili\u011fi G\u0131da Sanayi ve Ticaret A.\u015e.&#8217;ye aittir veya bir lisans anla\u015fmas\u0131 \u00e7er\u00e7evesinde kullan\u0131lmaktad\u0131r. Sitemizde yer alan \u0130\u00e7eri\u011fin tamam\u0131 veya herhangi bir k\u0131sm\u0131 yaln\u0131zca sahipleri taraf\u0131ndan veya sahiplerinin yaz\u0131l\u0131 izni ile kullan\u0131labilir. \u0130\u00e7erik \u00fczerinde \u0130zinsiz de\u011fi\u015fiklik yapmak, kopyalamak, kiralamak, \u00f6d\u00fcn\u00e7 vermek, iletmek ve yay\u0131nlamak yasakt\u0131r. Bu siteden al\u0131nan \u0130\u00e7erik herhangi bir ticari ama\u00e7la kullan\u0131lamaz.<\/p>\n\n\n\n<p>Bu sitemizden \u00fc\u00e7\u00fcnc\u00fc ki\u015filere ait sitelere verilen ba\u011flant\u0131lar, sizi Global Kahve Perakendecili\u011fi G\u0131da Sanayi ve Ticaret A.\u015e.&#8217;ye ait web a\u011f\u0131n\u0131n d\u0131\u015f\u0131na g\u00f6t\u00fcrebilir. Bu sitelerin i\u00e7eri\u011fi, do\u011frulu\u011fu veya i\u015fleviyle ilgili olarak Global Kahve Perakendecili\u011fi G\u0131da Sanayi ve Ticaret A.\u015e. hi\u00e7 bir sorumluluk \u00fcstlenmez. Bu ba\u011flant\u0131lar iyi niyet \u00e7er\u00e7evesinde sunulmaktad\u0131r. Global Kahve Perakendecili\u011fi G\u0131da Sanayi ve Ticaret A.\u015e., ba\u011flant\u0131s\u0131n\u0131 verdi\u011fimiz sitelerde daha sonra olabilecek herhangi bir de\u011fi\u015fiklikten sorumlu de\u011fildir. Global Kahve Perakendecili\u011fi G\u0131da Sanayi ve Ticaret A.\u015e. ve bu sitenin olu\u015fturulmas\u0131, \u00fcretilmesi veya iletilmesinde yer alan herhangi bir \u00fc\u00e7\u00fcnc\u00fc taraf, bu siteye eri\u015fim veya sitenin kullan\u0131m\u0131ndan do\u011fabilecek herhangi bir do\u011frudan, dolayl\u0131, ar\u0131zi, tali zarar, ziyan veya hasardan veya do\u011fabilecek cezai sorumluluktan \u00f6t\u00fcr\u00fc sorumlu tutulamaz.<\/p>\n\n\n\n<p>Global Kahve Perakendecili\u011fi G\u0131da Sanayi ve Ticaret A.\u015e., bu sitede yer alan \u0130\u00e7eri\u011fin belirli bir amaca uygunlu\u011funu garanti etmez. Ayr\u0131ca, bu siteye eri\u015fiminiz, kullanman\u0131z veya bu siteden herhangi bir ses, g\u00f6r\u00fcnt\u00fc, yaz\u0131 i\u00e7eren bilgi ve belge indirmeniz nedeniyle bilgisayar donan\u0131m\u0131n\u0131zda veya di\u011fer varl\u0131klar\u0131n\u0131zda meydana gelebilecek herhangi bir hasar veya bilgisayar sistemlerinize bula\u015fabilecek k\u00f6t\u00fc niyetli yaz\u0131l\u0131mlar\u0131n sebep olabilece\u011fi hasarlardan Global Kahve Perakendecili\u011fi G\u0131da Sanayi ve Ticaret A.\u015e. sorumlu tutulamaz.<\/p>\n\n\n\n<p>\u0130\u015f ba\u015fvurular\u0131 hari\u00e7 olmak \u00fczere, \u0130nternet arac\u0131l\u0131\u011f\u0131yla bize iletti\u011finiz her t\u00fcr yorum, \u00f6neri, fikir, grafik ve sair bilgiler, Global Kahve Perakendecili\u011fi G\u0131da Sanayi ve Ticaret A.\u015e. taraf\u0131ndan, size veya ba\u015fka herhangi bir ki\u015fiye herhangi bir \u00f6deme yap\u0131lmaks\u0131z\u0131n, ticari veya gayri ticari bir ama\u00e7la kullan\u0131labilecektir. Global Kahve Perakendecili\u011fi G\u0131da Sanayi ve Ticaret A.\u015e., i\u015f ba\u015fvurular\u0131 hari\u00e7 olmak \u00fczere kendilerine iletilen bu t\u00fcr bilgileri gizli tutmak zorunda de\u011fildir.<\/p>\n\n\n\n<p>18 ya\u015f\u0131ndan k\u00fc\u00e7\u00fcklerin, Global Kahve Perakendecili\u011fi G\u0131da Sanayi ve Ticaret A.\u015e.&#8217;ye ait web sitelerine velileri veya vasilerinden izin almaks\u0131z\u0131n bilgi sunmalar\u0131ndan Global Kahve Perakendecili\u011fi G\u0131da Sanayi ve Ticaret A.\u015e. sorumlu tutulamaz.<\/p>\n","protected":false},"excerpt":{"rendered":"<p>Bu sitede yer alan her t\u00fcrl\u00fc tasar\u0131m, marka, logo ve ses, g\u00f6r\u00fcnt\u00fc, yaz\u0131 i\u00e7eren bilgi ve belgeler (bundan sonra &#8216;\u0130\u00e7erik&#8217; olarak an\u0131lacakt\u0131r) \u00fczerindeki fikri m\u00fclkiyet haklar\u0131 ile telif haklar\u0131 Global Kahve Perakendecili\u011fi G\u0131da Sanayi ve Ticaret A.\u015e.&#8217;ye aittir veya bir lisans anla\u015fmas\u0131 \u00e7er\u00e7evesinde kullan\u0131lmaktad\u0131r. Sitemizde yer alan \u0130\u00e7eri\u011fin tamam\u0131 veya herhangi bir k\u0131sm\u0131 yaln\u0131zca sahipleri [&hellip;]<\/p>\n","protected":false},"author":1,"featured_media":0,"parent":0,"menu_order":0,"comment_status":"closed","ping_status":"closed","template":"","meta":{"_acf_changed":false,"footnotes":""},"class_list":["post-122","page","type-page","status-publish","hentry"],"blocksy_meta":{"has_hero_section":"enabled","styles_descriptor":{"styles":{"desktop":"[data-prefix=\"single_page\"] .entry-header .page-title {--theme-font-size:30px;} [data-prefix=\"single_page\"] .entry-header .entry-meta {--theme-font-weight:600;--theme-text-transform:uppercase;--theme-font-size:12px;--theme-line-height:1.3;}","tablet":"","mobile":""},"google_fonts":[],"version":6}},"acf":[],"_links":{"self":[{"href":"https:\/\/test.cariboucoffee.com.tr\/index.php?rest_route=\/wp\/v2\/pages\/122","targetHints":{"allow":["GET"]}}],"collection":[{"href":"https:\/\/test.cariboucoffee.com.tr\/index.php?rest_route=\/wp\/v2\/pages"}],"about":[{"href":"https:\/\/test.cariboucoffee.com.tr\/index.php?rest_route=\/wp\/v2\/types\/page"}],"author":[{"embeddable":true,"href":"https:\/\/test.cariboucoffee.com.tr\/index.php?rest_route=\/wp\/v2\/users\/1"}],"replies":[{"embeddable":true,"href":"https:\/\/test.cariboucoffee.com.tr\/index.php?rest_route=%2Fwp%2Fv2%2Fcomments&post=122"}],"version-history":[{"count":1,"href":"https:\/\/test.cariboucoffee.com.tr\/index.php?rest_route=\/wp\/v2\/pages\/122\/revisions"}],"predecessor-version":[{"id":716,"href":"https:\/\/test.cariboucoffee.com.tr\/index.php?rest_route=\/wp\/v2\/pages\/122\/revisions\/716"}],"wp:attachment":[{"href":"https:\/\/test.cariboucoffee.com.tr\/index.php?rest_route=%2Fwp%2Fv2%2Fmedia&parent=122"}],"curies":[{"name":"wp","href":"https:\/\/api.w.org\/{rel}","templated":true}]}}