{"id":346,"date":"2025-12-13T20:36:31","date_gmt":"2025-12-13T17:36:31","guid":{"rendered":"http:\/\/localhost:10016\/?page_id=27"},"modified":"2026-04-14T12:10:26","modified_gmt":"2026-04-14T12:10:26","slug":"sirketimiz-2","status":"publish","type":"page","link":"https:\/\/test.cariboucoffee.com.tr\/?page_id=346","title":{"rendered":"\u015eirketimiz"},"content":{"rendered":"\n<p><strong>D\u00fcnya Bizi Seviyor!<\/strong><\/p>\n\n\n\n<p>Caribou Coffee, d\u00fcnyan\u0131n d\u00f6rt bir yan\u0131nda kahve severlerin favorisi olan g\u00fc\u00e7l\u00fc bir marka. T\u00fcrkiye hik\u00e2yemiz ise 2011 y\u0131l\u0131nda ba\u015flad\u0131. Kuveytli Al Sayer Ailesi ve Y\u0131ld\u0131z Holding ortakl\u0131\u011f\u0131yla T\u00fcrkiye\u2019ye gelen Caribou Coffee\u2019nin t\u00fcm hisseleri, 2015 y\u0131l\u0131nda yap\u0131lan anla\u015fmayla Al Sayer Grubu\u2019na devredildi.<\/p>\n\n\n\n<p>Amerika\u2019n\u0131n en b\u00fcy\u00fck ikinci kahve zinciri olan Caribou Coffee\u2019nin T\u00fcrkiye operasyonu uzun y\u0131llar Al Sayer Grubu taraf\u0131ndan y\u00fcr\u00fct\u00fcld\u00fc. 2021 Temmuz itibar\u0131yla ise marka, T\u00fcrkiye\u2019de Onefranchising Grubu taraf\u0131ndan y\u00f6netilmeye ba\u015flad\u0131.<\/p>\n\n\n\n<p>T\u00fcrkiye\u2019deki ilk ma\u011fazam\u0131z\u0131 Aral\u0131k 2011\u2019de Caddebostan\u2019da a\u00e7t\u0131k. Bug\u00fcn ise 2024 itibar\u0131yla 14 farkl\u0131 \u015fehirde, 59 ma\u011fazam\u0131zla Caribou Coffee\u2019nin d\u00fcnyaca sevilen kahve k\u00fclt\u00fcr\u00fcn\u00fc T\u00fcrkiye\u2019nin d\u00f6rt bir yan\u0131ndaki kahve severlerle bulu\u015fturuyoruz.<\/p>\n\n\n\n<p><strong>Perde Arkas\u0131<\/strong><\/p>\n\n\n\n<p>Caribou Coffee\u2019de g\u00f6rd\u00fc\u011f\u00fcnden \u00e7ok daha fazlas\u0131 var. Her fincan\u0131n arkas\u0131nda, d\u00fcnyan\u0131n d\u00f6rt bir yan\u0131ndan \u00f6zenle se\u00e7ilmi\u015f kahve \u00e7ekirdekleri, titizlikle haz\u0131rlanan tarifler ve en iyisini sunma iste\u011fi var.<\/p>\n\n\n\n<p>En kaliteli kahveyi bulmak i\u00e7in farkl\u0131 \u00fclkelerdeki y\u00fczlerce \u00e7ekirde\u011fi inceliyor, en iyi aromalar\u0131 senin i\u00e7in se\u00e7iyoruz. \u0130\u00e7eceklerimizde ger\u00e7ek \u00e7ikolata ve g\u00fcnl\u00fck s\u00fct kullan\u0131yor; her detayda do\u011fall\u0131\u011f\u0131 ve kaliteyi \u00f6nceli\u011fimiz yap\u0131yoruz. \u00c7\u00fcnk\u00fc Caribou Coffee\u2019ye geldi\u011finde s\u0131radan bir kahve de\u011fil, ger\u00e7ekten \u00f6zel bir deneyim ya\u015faman\u0131 istiyoruz.<\/p>\n\n\n\n<p>Biz perde arkas\u0131nda en iyisini haz\u0131rlarken, senin de her yudumda i\u00e7indeki seni ortaya \u00e7\u0131karman\u0131 istiyoruz. Bir g\u00fcn daha erken uyan, derin bir nefes al, d\u0131\u015far\u0131 \u00e7\u0131k, insanlara g\u00fcl\u00fcmse, hayallerinin pe\u015finden git. \u00c7\u00fcnk\u00fc hayat ayn\u0131 \u015feyleri tekrar etmek i\u00e7in de\u011fil, her an\u0131n\u0131 dolu dolu ya\u015famak i\u00e7in var.<\/p>\n\n\n\n<p><strong>\u0130\u015fin \u00d6z\u00fcnde Samimiyet Var.<\/strong><\/p>\n\n\n\n<p>Caribou Coffee\u2019de uzun uzun vizyon ve misyon c\u00fcmleleri kurdu\u011fumuzu pek duymazs\u0131n. \u00c7\u00fcnk\u00fc bize g\u00f6re mesele kurumsal ifadelerden \u00e7ok daha basit: samimiyet, deneyim ve de\u011ferler. Bizim hedefimiz, senin i\u00e7in \u201csevdi\u011fin bir yer\u201d olabilmek. Her geldi\u011finde kendini iyi hissedece\u011fin, kahveni i\u00e7erken ger\u00e7ekten keyif alaca\u011f\u0131n ve ruhunu besleyen bir deneyim ya\u015fayaca\u011f\u0131n bir yer. Kula\u011fa iddial\u0131 m\u0131 geliyor? Belki biraz. Ama bizi ayakta tutan \u015fey de tam olarak bu samimiyet. Temel de\u011ferlerimiz sayesinde ayaklar\u0131m\u0131z hep yere bas\u0131yor ve her g\u00fcn, k\u00fc\u00e7\u00fck anlardan olu\u015fan o ola\u011fan\u00fcst\u00fc deneyimi yaratmaya devam ediyoruz.<\/p>\n","protected":false},"excerpt":{"rendered":"<p>D\u00fcnya Bizi Seviyor! Caribou Coffee, d\u00fcnyan\u0131n d\u00f6rt bir yan\u0131nda kahve severlerin favorisi olan g\u00fc\u00e7l\u00fc bir marka. T\u00fcrkiye hik\u00e2yemiz ise 2011 y\u0131l\u0131nda ba\u015flad\u0131. Kuveytli Al Sayer Ailesi ve Y\u0131ld\u0131z Holding ortakl\u0131\u011f\u0131yla T\u00fcrkiye\u2019ye gelen Caribou Coffee\u2019nin t\u00fcm hisseleri, 2015 y\u0131l\u0131nda yap\u0131lan anla\u015fmayla Al Sayer Grubu\u2019na devredildi. Amerika\u2019n\u0131n en b\u00fcy\u00fck ikinci kahve zinciri olan Caribou Coffee\u2019nin T\u00fcrkiye operasyonu [&hellip;]<\/p>\n","protected":false},"author":1,"featured_media":191,"parent":0,"menu_order":0,"comment_status":"closed","ping_status":"closed","template":"","meta":{"_acf_changed":false,"footnotes":""},"class_list":["post-346","page","type-page","status-publish","has-post-thumbnail","hentry"],"blocksy_meta":{"has_hero_section":"enabled","styles_descriptor":{"styles":{"desktop":"[data-prefix=\"single_page\"] .entry-header .page-title {--theme-font-size:30px;} [data-prefix=\"single_page\"] .entry-header .entry-meta {--theme-font-weight:600;--theme-text-transform:uppercase;--theme-font-size:12px;--theme-line-height:1.3;}","tablet":"","mobile":""},"google_fonts":[],"version":6}},"acf":[],"_links":{"self":[{"href":"https:\/\/test.cariboucoffee.com.tr\/index.php?rest_route=\/wp\/v2\/pages\/346","targetHints":{"allow":["GET"]}}],"collection":[{"href":"https:\/\/test.cariboucoffee.com.tr\/index.php?rest_route=\/wp\/v2\/pages"}],"about":[{"href":"https:\/\/test.cariboucoffee.com.tr\/index.php?rest_route=\/wp\/v2\/types\/page"}],"author":[{"embeddable":true,"href":"https:\/\/test.cariboucoffee.com.tr\/index.php?rest_route=\/wp\/v2\/users\/1"}],"replies":[{"embeddable":true,"href":"https:\/\/test.cariboucoffee.com.tr\/index.php?rest_route=%2Fwp%2Fv2%2Fcomments&post=346"}],"version-history":[{"count":7,"href":"https:\/\/test.cariboucoffee.com.tr\/index.php?rest_route=\/wp\/v2\/pages\/346\/revisions"}],"predecessor-version":[{"id":1520,"href":"https:\/\/test.cariboucoffee.com.tr\/index.php?rest_route=\/wp\/v2\/pages\/346\/revisions\/1520"}],"wp:featuredmedia":[{"embeddable":true,"href":"https:\/\/test.cariboucoffee.com.tr\/index.php?rest_route=\/"}],"wp:attachment":[{"href":"https:\/\/test.cariboucoffee.com.tr\/index.php?rest_route=%2Fwp%2Fv2%2Fmedia&parent=346"}],"curies":[{"name":"wp","href":"https:\/\/api.w.org\/{rel}","templated":true}]}}