{"id":347,"date":"2025-12-13T20:36:31","date_gmt":"2025-12-13T17:36:31","guid":{"rendered":"http:\/\/localhost:10016\/?page_id=28"},"modified":"2026-04-07T16:01:25","modified_gmt":"2026-04-07T16:01:25","slug":"iletisim-2","status":"publish","type":"page","link":"https:\/\/test.cariboucoffee.com.tr\/?page_id=347","title":{"rendered":"\u0130leti\u015fim"},"content":{"rendered":"\n<p>\u0130leti\u015fim formumuz arac\u0131l\u0131\u011f\u0131yla bizlere ula\u015ft\u0131raca\u011f\u0131n\u0131z t\u00fcm sorular\u0131n\u0131z, yorumlar\u0131n\u0131z ve geri bildirimleriniz bizler i\u00e7in \u00e7ok \u00f6nemlidir. D\u00fc\u015f\u00fcnceleriniz sizlere \u00f6zenle sundu\u011fumuz Caribou deneyimini daha m\u00fckemmel hale getirmemiz i\u00e7in olduk\u00e7a de\u011ferlidir. T\u00fcm m\u00fc\u015fteri bildirimleriniz en k\u0131sa zaman i\u00e7inde cevaplanacakt\u0131r.<\/p>\n\n\n<div class='fluentform ff-default fluentform_wrapper_11 ffs_default_wrap'><form data-form_id=\"11\" id=\"fluentform_11\" class=\"frm-fluent-form fluent_form_11 ff-el-form-top ff_form_instance_11_1 ff-form-loading ffs_default\" data-form_instance=\"ff_form_instance_11_1\" method=\"POST\" ><fieldset  style=\"border: none!important;margin: 0!important;padding: 0!important;background-color: transparent!important;box-shadow: none!important;outline: none!important; min-inline-size: 100%;\">\n                    <legend class=\"ff_screen_reader_title\" style=\"display: block; margin: 0!important;padding: 0!important;height: 0!important;text-indent: -999999px;width: 0!important;overflow:hidden;\">\u0130leti\u015fim Sayfas\u0131 Formu<\/legend><input type='hidden' name='__fluent_form_embded_post_id' value='347' \/><input type=\"hidden\" id=\"_fluentform_11_fluentformnonce\" name=\"_fluentform_11_fluentformnonce\" value=\"ddd609144f\" \/><input type=\"hidden\" name=\"_wp_http_referer\" value=\"\/index.php?rest_route=%2Fwp%2Fv2%2Fpages%2F347\" \/><div data-type=\"name-element\" data-name=\"names\" class=\" ff-field_container ff-name-field-wrapper\" ><div class='ff-t-container'><div class='ff-t-cell '><div class='ff-el-group ff-el-form-top'><div class=\"ff-el-input--label asterisk-right\"><label for='ff_11_names_first_name_' id='label_ff_11_names_first_name_' >Ad<\/label><\/div><div class='ff-el-input--content'><input type=\"text\" name=\"names[first_name]\" id=\"ff_11_names_first_name_\" class=\"ff-el-form-control\" aria-invalid=\"false\" aria-required=false><\/div><\/div><\/div><div class='ff-t-cell '><div class='ff-el-group ff-el-form-top'><div class=\"ff-el-input--label asterisk-right\"><label for='ff_11_names_last_name_' id='label_ff_11_names_last_name_' >Soyad<\/label><\/div><div class='ff-el-input--content'><input type=\"text\" name=\"names[last_name]\" id=\"ff_11_names_last_name_\" class=\"ff-el-form-control\" aria-invalid=\"false\" aria-required=false><\/div><\/div><\/div><\/div><\/div><div class='ff-el-group'><div class=\"ff-el-input--label asterisk-right\"><label for='ff_11_email' id='label_ff_11_email' aria-label=\"E-posta\">E-posta<\/label><\/div><div class='ff-el-input--content'><input type=\"email\" name=\"email\" id=\"ff_11_email\" class=\"ff-el-form-control\" data-name=\"email\"  aria-invalid=\"false\" aria-required=false><\/div><\/div><div class='ff-el-group'><div class=\"ff-el-input--label asterisk-right\"><label for='ff_11_input_text' id='label_ff_11_input_text' aria-label=\"\u00dclke\">\u00dclke<\/label><\/div><div class='ff-el-input--content'><input type=\"text\" name=\"input_text\" value=\"T\u00dcRK\u0130YE\" class=\"ff-el-form-control\" data-name=\"input_text\" id=\"ff_11_input_text\"  aria-invalid=\"false\" aria-required=false><\/div><\/div><div class='ff-el-group'><div class=\"ff-el-input--label asterisk-right\"><label for='ff_11_input_text_1' id='label_ff_11_input_text_1' aria-label=\"\u015eehir\">\u015eehir<\/label><\/div><div class='ff-el-input--content'><input type=\"text\" name=\"input_text_1\" class=\"ff-el-form-control\" data-name=\"input_text_1\" id=\"ff_11_input_text_1\"  aria-invalid=\"false\" aria-required=false><\/div><\/div><div class='ff-el-group'><div class=\"ff-el-input--label asterisk-right\"><label for='ff_11_input_text_2' id='label_ff_11_input_text_2' aria-label=\"\u0130l\u00e7e\">\u0130l\u00e7e<\/label><\/div><div class='ff-el-input--content'><input type=\"text\" name=\"input_text_2\" class=\"ff-el-form-control\" data-name=\"input_text_2\" id=\"ff_11_input_text_2\"  aria-invalid=\"false\" aria-required=false><\/div><\/div><div class='ff-el-group'><div class=\"ff-el-input--label asterisk-right\"><label for='ff_11_numeric_field' id='label_ff_11_numeric_field' aria-label=\"Telefon\">Telefon<\/label><\/div><div class='ff-el-input--content'><input type=\"number\" name=\"numeric_field\" id=\"ff_11_numeric_field\" class=\"ff-el-form-control\" data-name=\"numeric_field\" inputmode=\"numeric\" step=\"any\"  aria-invalid=\"false\" aria-required=false><\/div><\/div><div class='ff-el-group'><div class=\"ff-el-input--label asterisk-right\"><label for='ff_11_dropdown' id='label_ff_11_dropdown' aria-label=\"Mesaj\u0131n\u0131z\u0131n Ba\u015fl\u0131\u011f\u0131\">Mesaj\u0131n\u0131z\u0131n Ba\u015fl\u0131\u011f\u0131<\/label><\/div><div class='ff-el-input--content'><select name=\"dropdown\" id=\"ff_11_dropdown\" class=\"ff-el-form-control\" data-name=\"dropdown\" data-calc_value=\"0\"  aria-invalid=\"false\" aria-required=\"false\" aria-labelledby=\"label_ff_11_dropdown\"><option value=\"\">- Se\u00e7iniz-<\/option><option value=\"Kahve\"  >Kahve<\/option><option value=\"Fincan, Termos ve Benzeri Ticari \u00dcr\u00fcnler\"  >Fincan, Termos ve Benzeri Ticari \u00dcr\u00fcnler<\/option><option value=\"Yiyecekler\"  >Yiyecekler<\/option><option value=\"Ortam ( M\u00fczik, \u0130nternet, Temizlik )\"  >Ortam ( M\u00fczik, \u0130nternet, Temizlik )<\/option><option value=\"Personel Hizmeti ve Servis H\u0131z\u0131\"  >Personel Hizmeti ve Servis H\u0131z\u0131<\/option><option value=\"Kiral\u0131k Lokasyon \u00d6nerileriniz\"  >Kiral\u0131k Lokasyon \u00d6nerileriniz<\/option><option value=\"\u0130nsan Kaynaklar\u0131\"  >\u0130nsan Kaynaklar\u0131<\/option><option value=\"Kahve Kul\u00fcb\u00fc Sadakat Program\u0131\"  >Kahve Kul\u00fcb\u00fc Sadakat Program\u0131<\/option><option value=\"Di\u011fer\"  >Di\u011fer<\/option><\/select><\/div><\/div><div class='ff-el-group'><div class=\"ff-el-input--label asterisk-right\"><label for='ff_11_dropdown_1' id='label_ff_11_dropdown_1' aria-label=\"Ziyaret Etti\u011finiz Ma\u011fazam\u0131z\">Ziyaret Etti\u011finiz Ma\u011fazam\u0131z<\/label><\/div><div class='ff-el-input--content'><select name=\"dropdown_1\" id=\"ff_11_dropdown_1\" class=\"ff-el-form-control\" data-name=\"dropdown_1\" data-calc_value=\"0\"  aria-invalid=\"false\" aria-required=\"false\" aria-labelledby=\"label_ff_11_dropdown_1\"><option value=\"\">- Se\u00e7iniz -<\/option><option value=\"I prefer not to answer\"  >I prefer not to answer<\/option><option value=\"Adana Optimum AVM\"  >Adana Optimum AVM<\/option><option value=\"Adana Turgut \u00d6zal\"  >Adana Turgut \u00d6zal<\/option><option value=\"Adana  At\u00fc\"  >Adana  At\u00fc<\/option><option value=\"Ankara Gar\"  >Ankara Gar<\/option><option value=\"Ankara Karanfil\"  >Ankara Karanfil<\/option><option value=\"Ankara Selanik\"  >Ankara Selanik<\/option><option value=\"Ankara  Armada AVM\"  >Ankara  Armada AVM<\/option><option value=\"Ankara Gar Kiosk\"  >Ankara Gar Kiosk<\/option><option value=\"Ankara Gar Bulvar\"  >Ankara Gar Bulvar<\/option><option value=\"Ankara Saracoglu\"  >Ankara Saracoglu<\/option><option value=\"Mall Of Antalya Branch\"  >Mall Of Antalya Branch<\/option><option value=\"Balikesir\"  >Balikesir<\/option><option value=\"Balikesir 10 Burda AVM\"  >Balikesir 10 Burda AVM<\/option><option value=\"Bursa Korupark AVM\"  >Bursa Korupark AVM<\/option><option value=\"Bursa Teleferik\"  >Bursa Teleferik<\/option><option value=\"Bursa Sky Tower\"  >Bursa Sky Tower<\/option><option value=\"Denizli \u00c7aml\u0131k\"  >Denizli \u00c7aml\u0131k<\/option><option value=\"\u0130stanbul Gebze OSB\"  >\u0130stanbul Gebze OSB<\/option><option value=\"\u0130stanbul Metrogarden\"  >\u0130stanbul Metrogarden<\/option><option value=\"\u0130stanbul Akasya AVM\"  >\u0130stanbul Akasya AVM<\/option><option value=\"\u0130stanbul AND Plaza\"  >\u0130stanbul AND Plaza<\/option><option value=\"\u0130stanbul  Caddebostan\"  >\u0130stanbul  Caddebostan<\/option><option value=\"\u0130stanbul Demir\u00f6ren AVM\"  >\u0130stanbul Demir\u00f6ren AVM<\/option><option value=\"\u0130stanbul Denizbank Intertech\"  >\u0130stanbul Denizbank Intertech<\/option><option value=\"\u0130stanbul Starcity AVM\"  >\u0130stanbul Starcity AVM<\/option><option value=\"\u0130stanbul Maltepe Park AVM\"  >\u0130stanbul Maltepe Park AVM<\/option><option value=\"\u0130stanbul Olivium AVM\"  >\u0130stanbul Olivium AVM<\/option><option value=\"\u0130stanbul Pendik Marina\"  >\u0130stanbul Pendik Marina<\/option><option value=\"\u0130stanbul Teknopark\"  >\u0130stanbul Teknopark<\/option><option value=\"\u0130stanbul Meydan\"  >\u0130stanbul Meydan<\/option><option value=\"\u0130stanbul Tuzla Marina\"  >\u0130stanbul Tuzla Marina<\/option><option value=\"\u0130stanbul Fenerbahce Khalkedon \"  >\u0130stanbul Fenerbahce Khalkedon<\/option><option value=\"\u0130stanbul Kalamis Khalkedon\"  >\u0130stanbul Kalamis Khalkedon<\/option><option value=\"\u0130stanbul Moda Khalkedon \"  >\u0130stanbul Moda Khalkedon<\/option><option value=\"\u0130zmir Agora AVM\"  >\u0130zmir Agora AVM<\/option><option value=\"\u0130zmir Bostanli\"  >\u0130zmir Bostanli<\/option><option value=\"\u0130zmir \u0130zmir Forum AVM\"  >\u0130zmir \u0130zmir Forum AVM<\/option><option value=\"\u0130zmir Izq\"  >\u0130zmir Izq<\/option><option value=\"\u0130zmir Bomonti\"  >\u0130zmir Bomonti<\/option><option value=\"Kayseri Forum AVM\"  >Kayseri Forum AVM<\/option><option value=\"Kayseri Kumsmall\"  >Kayseri Kumsmall<\/option><option value=\"Kayseri Mix AVM\"  >Kayseri Mix AVM<\/option><option value=\"Kayseri Millet Bahcesi\"  >Kayseri Millet Bahcesi<\/option><option value=\"Kocaeli Kuveyt T\u00fcrk\"  >Kocaeli Kuveyt T\u00fcrk<\/option><option value=\"\u0130zmit Outlet Center\"  >\u0130zmit Outlet Center<\/option><option value=\"Mersin Sayapark Avm\"  >Mersin Sayapark Avm<\/option><option value=\"Mersin Palm City\"  >Mersin Palm City<\/option><option value=\"Mersin Silifke\"  >Mersin Silifke<\/option><option value=\"Mersin Forum AVM\"  >Mersin Forum AVM<\/option><option value=\"Mersin AKM\"  >Mersin AKM<\/option><option value=\"Mersin G\u00f6kyaka\"  >Mersin G\u00f6kyaka<\/option><option value=\"Sakarya \u00c7ark Caddesi\"  >Sakarya \u00c7ark Caddesi<\/option><option value=\"Trabzon Forum AVM\"  >Trabzon Forum AVM<\/option><option value=\"Trabzon Kalkinma\"  >Trabzon Kalkinma<\/option><\/select><\/div><\/div><div class='ff-el-group'><div class=\"ff-el-input--label asterisk-right\"><label for='ff_11_description' id='label_ff_11_description' aria-label=\"Mesaj\u0131n\u0131z\">Mesaj\u0131n\u0131z<\/label><\/div><div class='ff-el-input--content'><textarea aria-required=\"false\" aria-labelledby=\"label_ff_11_description\" name=\"description\" id=\"ff_11_description\" class=\"ff-el-form-control\" rows=\"3\" cols=\"2\" data-name=\"description\" ><\/textarea><\/div><\/div><div class='ff-el-group'><div class=\"ff-el-input--label ff-el-is-required asterisk-right\"><label   aria-label=\"KVKK Politikas\u0131\">KVKK Politikas\u0131<\/label><\/div><div class='ff-el-input--content'><div class='ff-el-form-check ff-el-form-check-'><label class='ff-el-form-check-label' for='checkbox_0d30e5b4db5fa76451d5394c90a42b59'><input  type=\"checkbox\" name=\"checkbox[]\" data-name=\"checkbox\" class=\"ff-el-form-check-input ff-el-form-check-checkbox\" value=\"KVVK h\u00fck\u00fcmlerini anlad\u0131m.\"  id='checkbox_0d30e5b4db5fa76451d5394c90a42b59' aria-label='KVVK h\u00fck\u00fcmlerini anlad\u0131m.' aria-invalid='false' aria-required=true> <span>KVVK h\u00fck\u00fcmlerini anlad\u0131m.<\/span><\/label><\/div><\/div><\/div><div class='ff-el-group ff-text-left ff_submit_btn_wrapper'><button type=\"submit\" class=\"ff-btn ff-btn-submit ff-btn-md ff_btn_style\"  aria-label=\"G\u00f6nder\">G\u00f6nder<\/button><\/div><\/fieldset><\/form><div id='fluentform_11_errors' class='ff-errors-in-stack ff_form_instance_11_1 ff-form-loading_errors ff_form_instance_11_1_errors'><\/div><\/div>            <script type=\"text\/javascript\">\n                window.fluent_form_ff_form_instance_11_1 = {\"id\":\"11\",\"settings\":{\"layout\":{\"labelPlacement\":\"top\",\"asteriskPlacement\":\"asterisk-right\",\"helpMessagePlacement\":\"with_label\",\"errorMessagePlacement\":\"inline\",\"cssClassName\":\"\"},\"restrictions\":{\"denyEmptySubmission\":{\"enabled\":false}}},\"form_instance\":\"ff_form_instance_11_1\",\"form_id_selector\":\"fluentform_11\",\"rules\":{\"names[first_name]\":{\"required\":{\"value\":false,\"message\":\"This field is required\",\"global_message\":\"This field is required\",\"global\":true}},\"names[middle_name]\":{\"required\":{\"value\":false,\"message\":\"This field is required\",\"global_message\":\"This field is required\",\"global\":true}},\"names[last_name]\":{\"required\":{\"value\":false,\"message\":\"This field is required\",\"global_message\":\"This field is required\",\"global\":true}},\"email\":{\"required\":{\"value\":false,\"message\":\"This field is required\",\"global_message\":\"This field is required\",\"global\":true},\"email\":{\"value\":true,\"message\":\"This field must contain a valid email\",\"global_message\":\"This field must contain a valid email\",\"global\":true}},\"input_text\":{\"required\":{\"value\":false,\"message\":\"This field is required\",\"global_message\":\"This field is required\",\"global\":true}},\"input_text_1\":{\"required\":{\"value\":false,\"message\":\"This field is required\",\"global_message\":\"This field is required\",\"global\":true}},\"input_text_2\":{\"required\":{\"value\":false,\"message\":\"This field is required\",\"global_message\":\"This field is required\",\"global\":true}},\"numeric_field\":{\"required\":{\"value\":false,\"message\":\"This field is required\",\"global_message\":\"This field is required\",\"global\":true},\"numeric\":{\"value\":true,\"message\":\"This field must contain numeric value\",\"global_message\":\"This field must contain numeric value\",\"global\":true},\"min\":{\"value\":\"\",\"message\":\"Validation fails for minimum value\",\"global_message\":\"Validation fails for minimum value\",\"global\":true},\"max\":{\"value\":\"\",\"message\":\"Validation fails for maximum value\",\"global_message\":\"Validation fails for maximum value\",\"global\":true},\"digits\":{\"value\":\"\",\"message\":\"Validation fails for limited digits\",\"global_message\":\"Validation fails for limited digits\",\"global\":true}},\"dropdown\":{\"required\":{\"value\":false,\"message\":\"This field is required\",\"global_message\":\"This field is required\",\"global\":true}},\"dropdown_1\":{\"required\":{\"value\":false,\"message\":\"This field is required\",\"global_message\":\"This field is required\",\"global\":true}},\"description\":{\"required\":{\"value\":false,\"message\":\"This field is required\",\"global_message\":\"This field is required\",\"global\":true}},\"checkbox\":{\"required\":{\"value\":true,\"message\":\"This field is required\",\"global_message\":\"This field is required\",\"global\":true}}},\"debounce_time\":300};\n                            <\/script>\n            \n","protected":false},"excerpt":{"rendered":"<p>\u0130leti\u015fim formumuz arac\u0131l\u0131\u011f\u0131yla bizlere ula\u015ft\u0131raca\u011f\u0131n\u0131z t\u00fcm sorular\u0131n\u0131z, yorumlar\u0131n\u0131z ve geri bildirimleriniz bizler i\u00e7in \u00e7ok \u00f6nemlidir. D\u00fc\u015f\u00fcnceleriniz sizlere \u00f6zenle sundu\u011fumuz Caribou deneyimini daha m\u00fckemmel hale getirmemiz i\u00e7in olduk\u00e7a de\u011ferlidir. T\u00fcm m\u00fc\u015fteri bildirimleriniz en k\u0131sa zaman i\u00e7inde cevaplanacakt\u0131r.<\/p>\n","protected":false},"author":1,"featured_media":185,"parent":0,"menu_order":0,"comment_status":"closed","ping_status":"closed","template":"","meta":{"_acf_changed":false,"footnotes":""},"class_list":["post-347","page","type-page","status-publish","has-post-thumbnail","hentry"],"blocksy_meta":{"has_hero_section":"enabled","styles_descriptor":{"styles":{"desktop":"[data-prefix=\"single_page\"] .entry-header .page-title {--theme-font-size:30px;} [data-prefix=\"single_page\"] .entry-header .entry-meta {--theme-font-weight:600;--theme-text-transform:uppercase;--theme-font-size:12px;--theme-line-height:1.3;}","tablet":"","mobile":""},"google_fonts":[],"version":6}},"acf":[],"_links":{"self":[{"href":"https:\/\/test.cariboucoffee.com.tr\/index.php?rest_route=\/wp\/v2\/pages\/347","targetHints":{"allow":["GET"]}}],"collection":[{"href":"https:\/\/test.cariboucoffee.com.tr\/index.php?rest_route=\/wp\/v2\/pages"}],"about":[{"href":"https:\/\/test.cariboucoffee.com.tr\/index.php?rest_route=\/wp\/v2\/types\/page"}],"author":[{"embeddable":true,"href":"https:\/\/test.cariboucoffee.com.tr\/index.php?rest_route=\/wp\/v2\/users\/1"}],"replies":[{"embeddable":true,"href":"https:\/\/test.cariboucoffee.com.tr\/index.php?rest_route=%2Fwp%2Fv2%2Fcomments&post=347"}],"version-history":[{"count":4,"href":"https:\/\/test.cariboucoffee.com.tr\/index.php?rest_route=\/wp\/v2\/pages\/347\/revisions"}],"predecessor-version":[{"id":1225,"href":"https:\/\/test.cariboucoffee.com.tr\/index.php?rest_route=\/wp\/v2\/pages\/347\/revisions\/1225"}],"wp:featuredmedia":[{"embeddable":true,"href":"https:\/\/test.cariboucoffee.com.tr\/index.php?rest_route=\/"}],"wp:attachment":[{"href":"https:\/\/test.cariboucoffee.com.tr\/index.php?rest_route=%2Fwp%2Fv2%2Fmedia&parent=347"}],"curies":[{"name":"wp","href":"https:\/\/api.w.org\/{rel}","templated":true}]}}